{"id":78,"date":"2024-10-19T18:42:25","date_gmt":"2024-10-19T18:42:25","guid":{"rendered":"https:\/\/cocukkilidi.net\/?page_id=78"},"modified":"2024-11-24T14:30:54","modified_gmt":"2024-11-24T14:30:54","slug":"hakkimizda","status":"publish","type":"page","link":"https:\/\/cocukkilidi.net\/?page_id=78","title":{"rendered":"Hakk\u0131m\u0131zda"},"content":{"rendered":"\n<p class=\"has-text-align-center\" style=\"font-size:clamp(14.642px, 0.915rem + ((1vw - 3.2px) * 0.766), 22px);\"><strong>Anne, bebek ve \u00e7ocuk\u00a0\u00fcr\u00fcnleri online sat\u0131\u015f ma\u011fazas\u0131d\u0131r. Bebek \u015eehri 2013 Y\u0131l\u0131nda faaliyetine ba\u015flam\u0131\u015ft\u0131r.\u00a0<\/strong><\/p>\n\n\n\n<p><\/p>\n\n\n\n<p class=\"has-text-align-center\" style=\"font-size:clamp(14.642px, 0.915rem + ((1vw - 3.2px) * 0.766), 22px);\"><strong>Sat\u0131\u015f\u0131 yap\u0131lan t\u00fcm \u00fcr\u00fcnler, Bebek \u015eehri&#8217;nin kendi ger\u00e7ek sto\u011fudur.\u00a0<\/strong><\/p>\n\n\n\n<p><\/p>\n\n\n\n<p class=\"has-text-align-center\" style=\"font-size:clamp(14.642px, 0.915rem + ((1vw - 3.2px) * 0.766), 22px);\"><strong>Bu nedenle Bebek \u015eehri ayn\u0131 g\u00fcn kargolama yapabilmekte ve buna ba\u011fl\u0131 olarak \u00fcr\u00fcnler sat\u0131n alma a\u015famas\u0131ndan kargolama a\u015famas\u0131na kadar kalite kontrolleri titizlikle yapabilmektedir.<\/strong><\/p>\n\n\n\n<p><\/p>\n\n\n\n<p class=\"has-text-align-center\" style=\"font-size:clamp(14.642px, 0.915rem + ((1vw - 3.2px) * 0.766), 22px);\"><strong>Bebek \u015eehri, sat\u0131\u015f\u0131n\u0131 yapt\u0131\u011f\u0131 \u00fcr\u00fcnleri mutlak suretle direkt olarak ithalat\u00e7\u0131s\u0131ndan veya \u00fcreticisinden tedarik eder.\u00a0<\/strong><\/p>\n\n\n\n<p><\/p>\n\n\n\n<p class=\"has-text-align-center\" style=\"font-size:clamp(14.642px, 0.915rem + ((1vw - 3.2px) * 0.766), 22px);\"><strong>Bu sebeple\u00a0\u00fcr\u00fcnler garantili ve %100 orjinaldir.<\/strong><\/p>\n\n\n\n<p><\/p>\n\n\n\n<p><\/p>\n\n\n\n<figure class=\"wp-block-image aligncenter size-full is-resized\"><img loading=\"lazy\" decoding=\"async\" width=\"377\" height=\"133\" src=\"https:\/\/cocukkilidi.net\/wp-content\/uploads\/2024\/11\/images.png\" alt=\"\" class=\"wp-image-84\" style=\"width:698px;height:auto\" srcset=\"https:\/\/cocukkilidi.net\/wp-content\/uploads\/2024\/11\/images.png 377w, https:\/\/cocukkilidi.net\/wp-content\/uploads\/2024\/11\/images-300x106.png 300w\" sizes=\"auto, (max-width: 377px) 100vw, 377px\" \/><\/figure>\n\n\n\n<p><\/p>\n","protected":false},"excerpt":{"rendered":"<p>Anne, bebek ve \u00e7ocuk\u00a0\u00fcr\u00fcnleri online sat\u0131\u015f ma\u011fazas\u0131d\u0131r. Bebek \u015eehri 2013 Y\u0131l\u0131nda faaliyetine ba\u015flam\u0131\u015ft\u0131r.\u00a0 Sat\u0131\u015f\u0131 yap\u0131lan t\u00fcm \u00fcr\u00fcnler, Bebek \u015eehri&#8217;nin kendi ger\u00e7ek sto\u011fudur.\u00a0 Bu nedenle Bebek \u015eehri ayn\u0131 g\u00fcn kargolama yapabilmekte ve buna ba\u011fl\u0131 olarak \u00fcr\u00fcnler sat\u0131n alma a\u015famas\u0131ndan kargolama a\u015famas\u0131na kadar kalite kontrolleri titizlikle yapabilmektedir. Bebek \u015eehri, sat\u0131\u015f\u0131n\u0131 yapt\u0131\u011f\u0131 \u00fcr\u00fcnleri mutlak suretle direkt olarak ithalat\u00e7\u0131s\u0131ndan [&hellip;]<\/p>\n","protected":false},"author":1,"featured_media":0,"parent":0,"menu_order":0,"comment_status":"closed","ping_status":"closed","template":"","meta":{"footnotes":""},"class_list":["post-78","page","type-page","status-publish","hentry"],"_links":{"self":[{"href":"https:\/\/cocukkilidi.net\/index.php?rest_route=\/wp\/v2\/pages\/78","targetHints":{"allow":["GET"]}}],"collection":[{"href":"https:\/\/cocukkilidi.net\/index.php?rest_route=\/wp\/v2\/pages"}],"about":[{"href":"https:\/\/cocukkilidi.net\/index.php?rest_route=\/wp\/v2\/types\/page"}],"author":[{"embeddable":true,"href":"https:\/\/cocukkilidi.net\/index.php?rest_route=\/wp\/v2\/users\/1"}],"replies":[{"embeddable":true,"href":"https:\/\/cocukkilidi.net\/index.php?rest_route=%2Fwp%2Fv2%2Fcomments&post=78"}],"version-history":[{"count":4,"href":"https:\/\/cocukkilidi.net\/index.php?rest_route=\/wp\/v2\/pages\/78\/revisions"}],"predecessor-version":[{"id":124,"href":"https:\/\/cocukkilidi.net\/index.php?rest_route=\/wp\/v2\/pages\/78\/revisions\/124"}],"wp:attachment":[{"href":"https:\/\/cocukkilidi.net\/index.php?rest_route=%2Fwp%2Fv2%2Fmedia&parent=78"}],"curies":[{"name":"wp","href":"https:\/\/api.w.org\/{rel}","templated":true}]}}