{"id":61,"date":"2024-10-19T18:22:17","date_gmt":"2024-10-19T18:22:17","guid":{"rendered":"https:\/\/cocukkilidi.net\/?page_id=61"},"modified":"2024-11-24T14:21:48","modified_gmt":"2024-11-24T14:21:48","slug":"61-2","status":"publish","type":"page","link":"https:\/\/cocukkilidi.net\/?page_id=61","title":{"rendered":"\u00c7ocuklar\u0131n G\u00fcvenli\u011fi \u0130\u00e7in Ne Gibi \u00d6nlemler Al\u0131nabilir?"},"content":{"rendered":"\n<p style=\"font-size:clamp(14px, 0.875rem + ((1vw - 3.2px) * 0.417), 18px);\">\u00c7ocuklar\u0131n evde g\u00fcvenli\u011fi, ebeveynlerin en \u00f6nemli sorumluluklar\u0131ndan biridir. \u00d6zellikle k\u00fc\u00e7\u00fck ya\u015flarda, \u00e7ocuklar \u00e7evrelerini ke\u015ffetmeye ba\u015flad\u0131k\u00e7a, evdeki pek \u00e7ok alan tehlike olu\u015fturabilir. Evde g\u00fcvenli\u011fi sa\u011flamak i\u00e7in al\u0131nacak \u00f6nlemler, fiziksel kazalar\u0131n yan\u0131 s\u0131ra psikolojik ve dijital risklere kar\u015f\u0131 da \u00e7ocuklar\u0131 korumaya y\u00f6nelik olmal\u0131d\u0131r. \u0130\u015fte evde \u00e7ocuklar\u0131n g\u00fcvenli\u011fini sa\u011flamak i\u00e7in alabilece\u011finiz etkili \u00f6nlemler:<\/p>\n\n\n\n<p><\/p>\n\n\n\n<p><\/p>\n\n\n\n<h3 class=\"wp-block-heading\"><strong>1.\u00a0Mobilya ve E\u015fyalar\u0131n G\u00fcvenli\u011fini Sa\u011flamak<\/strong><\/h3>\n\n\n\n<p><\/p>\n\n\n\n<ul class=\"wp-block-list\">\n<li style=\"font-size:clamp(14px, 0.875rem + ((1vw - 3.2px) * 0.417), 18px);\"><strong>Keskin K\u00f6\u015feler ve Y\u00fczeyler<\/strong>: Bebekler ve k\u00fc\u00e7\u00fck \u00e7ocuklar y\u00fcr\u00fcmeyi \u00f6\u011frendik\u00e7e \u00e7evrelerine kar\u015f\u0131 olduk\u00e7a merakl\u0131 olurlar. Evin her k\u00f6\u015fesindeki mobilyalar\u0131n k\u00f6\u015fe ve kenarlar\u0131na&nbsp;<strong>k\u00f6\u015fe koruyucular&nbsp;<\/strong>takmak, olas\u0131 \u00e7arpma ve yaralanmalar\u0131 engeller. \u00d6zellikle sehpa, kitapl\u0131k, masa gibi k\u00f6\u015feli mobilyalarda bu koruyucular kullan\u0131lmal\u0131d\u0131r.<\/li>\n\n\n\n<li style=\"font-size:clamp(14px, 0.875rem + ((1vw - 3.2px) * 0.417), 18px);\"><strong>Mobilya Sabitleme<\/strong>: Y\u00fcksek mobilyalar, kitapl\u0131klar, televizyonlar ve dolaplar \u00e7ocuklar i\u00e7in b\u00fcy\u00fck tehlikeler olu\u015fturabilir.\u00a0<strong>Mobilya sabitleme aparatlar\u0131<\/strong>\u00a0kullanarak, bu e\u015fyalar\u0131n devrilmesini \u00f6nleyebilirsiniz. \u00c7ocuklar, mobilyalar\u0131n \u00fczerine t\u0131rmanarak d\u00fc\u015fme riskini art\u0131rabilir, bu y\u00fczden sa\u011flam ve sabitlenmi\u015f olmalar\u0131 gerekir.<\/li>\n<\/ul>\n\n\n\n<p><\/p>\n\n\n\n<h3 class=\"wp-block-heading\"><strong>2.\u00a0Elektrik ve Elektronik G\u00fcvenli\u011fi<\/strong><\/h3>\n\n\n\n<p><\/p>\n\n\n\n<ul class=\"wp-block-list\">\n<li style=\"font-size:clamp(14px, 0.875rem + ((1vw - 3.2px) * 0.417), 18px);\"><strong>Priz Koruyucular\u0131<\/strong>: \u00c7ocuklar, elektrik prizlerini merak edebilir ve parmaklar\u0131n\u0131 sokarak ciddi kazalarla kar\u015f\u0131la\u015fabilirler.&nbsp;<strong>Priz koruyucular\u0131<\/strong>&nbsp;veya&nbsp;<strong>priz kapaklar\u0131<\/strong>&nbsp;kullanmak, bu t\u00fcr kazalar\u0131 \u00f6nlemenin en etkili yoludur.<\/li>\n\n\n\n<li style=\"font-size:clamp(14px, 0.875rem + ((1vw - 3.2px) * 0.417), 18px);\"><strong>Elektronik E\u015fyalar\u0131n G\u00fcvenli\u011fi<\/strong>: TV, bilgisayarlar, tabletler ve di\u011fer elektronik cihazlar \u00e7ocuklar i\u00e7in potansiyel tehlikeler olu\u015fturabilir. Cihazlar\u0131 sa\u011flam bir \u015fekilde yerle\u015ftirip kablolar\u0131 d\u00fczenleyerek, \u00e7ocuklar\u0131n bu cihazlarla oynamas\u0131n\u0131 engelleyebilirsiniz. Ayr\u0131ca, kumanda ve uzaktan kumandalar\u0131n da eri\u015filememe noktas\u0131nda g\u00fcvenli bir yerde tutulmas\u0131 \u00f6nemlidir.<\/li>\n\n\n\n<li style=\"font-size:clamp(14px, 0.875rem + ((1vw - 3.2px) * 0.417), 18px);\"><strong>\u0130\u00e7 Mekan Elektronik G\u00fcvenli\u011fi<\/strong>: Elektrikli cihazlar\u0131n, f\u0131r\u0131nlar\u0131n, ocaklar\u0131n ve \u0131s\u0131t\u0131c\u0131lar\u0131n kullan\u0131m\u0131 s\u0131ras\u0131nda \u00e7ocuklar\u0131n zarar g\u00f6rmesini engellemek i\u00e7in bu cihazlar\u0131n ba\u015f\u0131nda olmak gereklidir. \u00c7ocuklar\u0131n ula\u015famayaca\u011f\u0131 y\u00fckseklikte saklanmas\u0131 gereken bu t\u00fcr cihazlar i\u00e7in de&nbsp;<strong>koruyucu kapaklar<\/strong>&nbsp;veya&nbsp;<strong>g\u00fcvenlik kilitleri<\/strong>&nbsp;kullan\u0131labilir.<\/li>\n<\/ul>\n\n\n\n<p><\/p>\n\n\n\n<h3 class=\"wp-block-heading\"><strong>3.\u00a0B\u0131\u00e7aklar ve Mutfak E\u015fyalar\u0131<\/strong><\/h3>\n\n\n\n<p><\/p>\n\n\n\n<ul class=\"wp-block-list\">\n<li style=\"font-size:clamp(14px, 0.875rem + ((1vw - 3.2px) * 0.417), 18px);\"><strong>B\u0131\u00e7ak ve Kesici Aletler<\/strong>: Mutfakta b\u0131\u00e7aklar, makaslar ve di\u011fer kesici e\u015fyalar \u00e7ocuklar\u0131n eri\u015femeyece\u011fi yerlerde, \u00f6zellikle y\u00fcksek dolaplarda muhafaza edilmelidir. \u00c7ekmecelere yerle\u015ftirilen&nbsp;<strong>\u00e7ekmece kilitleri<\/strong>&nbsp;veya&nbsp;<strong>manyetik kilitler<\/strong>, \u00e7ocuklar\u0131n bu t\u00fcr tehlikeli e\u015fyalara ula\u015fmas\u0131n\u0131 engeller.<\/li>\n\n\n\n<li style=\"font-size:clamp(14px, 0.875rem + ((1vw - 3.2px) * 0.417), 18px);\"><strong>Mutfak G\u00fcvenli\u011fi<\/strong>: Ocaklar ve f\u0131r\u0131nlar, k\u00fc\u00e7\u00fck \u00e7ocuklar i\u00e7in b\u00fcy\u00fck tehlikeler olu\u015fturur.&nbsp;<strong>Ocak koruyucular\u0131<\/strong>&nbsp;ve&nbsp;<strong>f\u0131r\u0131n kilitleri<\/strong>&nbsp;kullanarak, \u00e7ocuklar\u0131n bu tehlikeli cihazlarla temas\u0131 engellenebilir.<\/li>\n<\/ul>\n\n\n\n<p><\/p>\n\n\n\n<h3 class=\"wp-block-heading\"><strong>4.\u00a0Kap\u0131 ve Pencere G\u00fcvenli\u011fi<\/strong><\/h3>\n\n\n\n<p><\/p>\n\n\n\n<ul class=\"wp-block-list\">\n<li style=\"font-size:clamp(14px, 0.875rem + ((1vw - 3.2px) * 0.417), 18px);\"><strong>Kap\u0131 Kilitleri ve S\u00fcrg\u00fcler<\/strong>: \u00c7ocuklar, \u00f6zellikle d\u0131\u015far\u0131 \u00e7\u0131kmak i\u00e7in kap\u0131lar\u0131 a\u00e7may\u0131 \u00f6\u011frenebilirler.&nbsp;<strong>Kap\u0131 g\u00fcvenlik kilitleri<\/strong>&nbsp;veya&nbsp;<strong>kap\u0131 s\u00fcrg\u00fcleri<\/strong>&nbsp;kullanarak, \u00e7ocuklar\u0131n evin d\u0131\u015f\u0131na \u00e7\u0131kmas\u0131n\u0131 engelleyebilirsiniz. Ayr\u0131ca, \u00f6zellikle y\u00fcksek katlardaki pencere ve balkonlar i\u00e7in&nbsp;<strong>pencere kilitleri<\/strong>&nbsp;kullanmak da g\u00fcvenlik a\u00e7\u0131s\u0131ndan \u00f6nemlidir.<\/li>\n\n\n\n<li style=\"font-size:clamp(14px, 0.875rem + ((1vw - 3.2px) * 0.417), 18px);\"><strong>Pencere Koruma<\/strong>: Pencerelerin a\u00e7\u0131k kalmas\u0131na kar\u015f\u0131 koruyucu&nbsp;<strong>pencere g\u00fcvenlik a\u011flar\u0131<\/strong>&nbsp;veya&nbsp;<strong>pencere kilitleri<\/strong>kullanmak, \u00e7ocuklar\u0131n pencerelerden d\u00fc\u015fmesini engeller.<\/li>\n<\/ul>\n\n\n\n<p><\/p>\n\n\n\n<h3 class=\"wp-block-heading\"><strong>5.\u00a0Zehirli ve Tehlikeli Maddelere Kar\u015f\u0131 \u00d6nlemler<\/strong><\/h3>\n\n\n\n<p><\/p>\n\n\n\n<ul class=\"wp-block-list\">\n<li style=\"font-size:clamp(14px, 0.875rem + ((1vw - 3.2px) * 0.417), 18px);\"><strong>Kimyasallar ve Temizlik \u00dcr\u00fcnleri<\/strong>: Temizlik malzemeleri, deterjanlar ve di\u011fer kimyasallar \u00e7ocuklar i\u00e7in olduk\u00e7a tehlikelidir. Bu \u00fcr\u00fcnlerin bulundu\u011fu dolaplar\u0131&nbsp;<strong>kilitlemek<\/strong>&nbsp;veya&nbsp;<strong>\u00e7ocuk dostu g\u00fcvenlik sistemleri<\/strong>&nbsp;ile korumak gerekir.<\/li>\n\n\n\n<li style=\"font-size:clamp(14px, 0.875rem + ((1vw - 3.2px) * 0.417), 18px);\"><strong>\u0130la\u00e7lar ve Vitaminler<\/strong>: \u00c7ocuklar\u0131n ila\u00e7lara veya vitaminlere ula\u015fmamas\u0131 i\u00e7in bu \u00fcr\u00fcnler g\u00fcvenli bir yerde, \u00f6rne\u011fin y\u00fcksek dolaplarda saklanmal\u0131d\u0131r. Ayr\u0131ca, ila\u00e7 \u015fi\u015felerinin&nbsp;<strong>\u00e7ocuk emniyetli kapaklar<\/strong>&nbsp;ile kapat\u0131lmas\u0131 gereklidir.<\/li>\n<\/ul>\n\n\n\n<p><\/p>\n","protected":false},"excerpt":{"rendered":"<p>\u00c7ocuklar\u0131n evde g\u00fcvenli\u011fi, ebeveynlerin en \u00f6nemli sorumluluklar\u0131ndan biridir. \u00d6zellikle k\u00fc\u00e7\u00fck ya\u015flarda, \u00e7ocuklar \u00e7evrelerini ke\u015ffetmeye ba\u015flad\u0131k\u00e7a, evdeki pek \u00e7ok alan tehlike olu\u015fturabilir. Evde g\u00fcvenli\u011fi sa\u011flamak i\u00e7in al\u0131nacak \u00f6nlemler, fiziksel kazalar\u0131n yan\u0131 s\u0131ra psikolojik ve dijital risklere kar\u015f\u0131 da \u00e7ocuklar\u0131 korumaya y\u00f6nelik olmal\u0131d\u0131r. \u0130\u015fte evde \u00e7ocuklar\u0131n g\u00fcvenli\u011fini sa\u011flamak i\u00e7in alabilece\u011finiz etkili \u00f6nlemler: 1.\u00a0Mobilya ve E\u015fyalar\u0131n G\u00fcvenli\u011fini Sa\u011flamak [&hellip;]<\/p>\n","protected":false},"author":1,"featured_media":0,"parent":2,"menu_order":0,"comment_status":"closed","ping_status":"closed","template":"","meta":{"footnotes":""},"class_list":["post-61","page","type-page","status-publish","hentry"],"_links":{"self":[{"href":"https:\/\/cocukkilidi.net\/index.php?rest_route=\/wp\/v2\/pages\/61","targetHints":{"allow":["GET"]}}],"collection":[{"href":"https:\/\/cocukkilidi.net\/index.php?rest_route=\/wp\/v2\/pages"}],"about":[{"href":"https:\/\/cocukkilidi.net\/index.php?rest_route=\/wp\/v2\/types\/page"}],"author":[{"embeddable":true,"href":"https:\/\/cocukkilidi.net\/index.php?rest_route=\/wp\/v2\/users\/1"}],"replies":[{"embeddable":true,"href":"https:\/\/cocukkilidi.net\/index.php?rest_route=%2Fwp%2Fv2%2Fcomments&post=61"}],"version-history":[{"count":5,"href":"https:\/\/cocukkilidi.net\/index.php?rest_route=\/wp\/v2\/pages\/61\/revisions"}],"predecessor-version":[{"id":119,"href":"https:\/\/cocukkilidi.net\/index.php?rest_route=\/wp\/v2\/pages\/61\/revisions\/119"}],"up":[{"embeddable":true,"href":"https:\/\/cocukkilidi.net\/index.php?rest_route=\/wp\/v2\/pages\/2"}],"wp:attachment":[{"href":"https:\/\/cocukkilidi.net\/index.php?rest_route=%2Fwp%2Fv2%2Fmedia&parent=61"}],"curies":[{"name":"wp","href":"https:\/\/api.w.org\/{rel}","templated":true}]}}