{"id":2,"date":"2024-09-05T13:49:03","date_gmt":"2024-09-05T13:49:03","guid":{"rendered":"https:\/\/cocukkilidi.net\/?page_id=2"},"modified":"2024-11-09T19:48:34","modified_gmt":"2024-11-09T19:48:34","slug":"sample-page","status":"publish","type":"page","link":"https:\/\/cocukkilidi.net\/?page_id=2","title":{"rendered":"\u00c7ocuk G\u00fcvenlik Kilitleri ve G\u00fcvenlik \u00dcr\u00fcnlerinin \u0130htiyac\u0131n\u0131n Artma Sebepleri"},"content":{"rendered":"\n<p>\u00c7ocuk g\u00fcvenli\u011fi, ebeveynler ve bak\u0131c\u0131lar i\u00e7in her zaman \u00f6ncelikli bir kayg\u0131 olmu\u015ftur. Ancak son y\u0131llarda, \u00e7ocuk g\u00fcvenli\u011fi \u00fcr\u00fcnlerinin ve kilitlerinin kullan\u0131m\u0131nda ciddi bir art\u0131\u015f g\u00f6zlemlenmektedir. Bu art\u0131\u015f\u0131n sebepleri, toplumsal de\u011fi\u015fimlerden teknolojik geli\u015fmelere kadar geni\u015f bir yelpazede incelenebilir. Peki, \u00e7ocuk g\u00fcvenlik \u00fcr\u00fcnlerinin ihtiyac\u0131 neden bu kadar artt\u0131? \u0130\u015fte bu art\u0131\u015f\u0131n ba\u015fl\u0131ca sebepleri:<\/p>\n\n\n\n<p><\/p>\n\n\n\n<h3 class=\"wp-block-heading\"><strong>1<\/strong>.&nbsp;<strong>\u00c7ocuklar\u0131n Artan Merak\u0131 ve Ke\u015fif \u0130htiyac\u0131<\/strong><\/h3>\n\n\n\n<p>\u00c7ocuklar, do\u011falar\u0131 gere\u011fi olduk\u00e7a merakl\u0131d\u0131r ve \u00e7evrelerini ke\u015ffetmek i\u00e7in s\u00fcrekli olarak yeni yollar ararlar. \u00d6zellikle k\u00fc\u00e7\u00fck ya\u015flardaki \u00e7ocuklar, \u00e7evrelerinde g\u00f6rd\u00fckleri her \u015feyi incelemeye, dokunmaya ve bazen de tehlikeli olabilecek e\u015fyalara ula\u015fmaya \u00e7al\u0131\u015f\u0131r. Bu durum, onlar\u0131n kazalara a\u00e7\u0131k hale gelmesine yol a\u00e7ar.<\/p>\n\n\n\n<p>\u00c7ocuklar\u0131n bu ke\u015fif s\u00fcrecini g\u00fcvenli bir \u015fekilde ya\u015famas\u0131 i\u00e7in, evdeki \u00e7e\u015fitli alanlar\u0131n, e\u015fyalar\u0131n ve cihazlar\u0131n g\u00fcvenli hale getirilmesi gereklidir. \u00c7ocuk g\u00fcvenlik kilitleri, dolaplar, \u00e7ekmeceler ve kap\u0131 gibi tehlikeli b\u00f6lgeleri s\u0131n\u0131rlayarak, \u00e7ocuklar\u0131n tehlikelerle kar\u015f\u0131la\u015fmas\u0131n\u0131 engeller.<\/p>\n\n\n\n<p><\/p>\n\n\n\n<h3 class=\"wp-block-heading\"><strong>2<\/strong>.&nbsp;<strong>Evin \u0130\u00e7indeki Artan Potansiyel Tehlikeler<\/strong><\/h3>\n\n\n\n<p>Modern evlerde, \u00e7e\u015fitli teknoloji \u00fcr\u00fcnlerinin ve ev e\u015fyalar\u0131n\u0131n say\u0131s\u0131 artt\u0131k\u00e7a, bunlar\u0131n \u00e7ocuklar i\u00e7in olu\u015fturdu\u011fu tehlikeler de artmaktad\u0131r. Ak\u0131ll\u0131 telefonlar, tabletler, bilgisayarlar, televizyonlar, mutfak cihazlar\u0131 ve elektrikli aletler, \u00e7ocuklar\u0131n her zaman ula\u015fabilece\u011fi \u015feylerdir.<\/p>\n\n\n\n<p>\u00d6rne\u011fin, bir \u00e7ocuk s\u0131cak ocaklara, b\u0131\u00e7aklara veya temizlik malzemelerine kolayca eri\u015febilir. Evdeki prizlerin, keskin e\u015fyalar\u0131n, kimyasal maddelerin ve di\u011fer tehlikelerin \u00e7ocuklar i\u00e7in olu\u015fturdu\u011fu riskler, g\u00fcvenlik kilitlerinin ve g\u00fcvenlik \u00fcr\u00fcnlerinin kullan\u0131m\u0131n\u0131 zorunlu hale getirmektedir. Bu sebeple, \u00e7ocuk g\u00fcvenlik \u00fcr\u00fcnleri, evdeki her k\u00f6\u015fe ve mobilyaya, hatta elektrikli cihazlara y\u00f6nelik korumalar sa\u011flar.<\/p>\n\n\n\n<p><\/p>\n\n\n\n<h3 class=\"wp-block-heading\"><strong>3<\/strong>.&nbsp;<strong>Sosyal De\u011fi\u015fimler ve \u00c7al\u0131\u015fan Ebeveynler<\/strong><\/h3>\n\n\n\n<p>G\u00fcn\u00fcm\u00fczde ebeveynlerin \u00e7o\u011fu, \u00f6zellikle anneler, profesyonel hayatlar\u0131n\u0131n yan\u0131 s\u0131ra evde de \u00e7ocuk bak\u0131m\u0131yla ilgilenmek zorundad\u0131r. \u00c7al\u0131\u015fan ebeveynlerin evde \u00e7ocuklar\u0131n\u0131 tek ba\u015f\u0131na b\u0131rakma oran\u0131 artm\u0131\u015ft\u0131r. Bu durum, \u00e7ocuklar\u0131n evde yaln\u0131z kald\u0131\u011f\u0131 ve evdeki tehlikelere kar\u015f\u0131 korunmalar\u0131n\u0131n daha zor hale geldi\u011fi bir durumu yarat\u0131r.<\/p>\n\n\n\n<p>\u00c7ocuk g\u00fcvenli\u011fi \u00fcr\u00fcnleri, ebeveynlerin i\u015fte olduklar\u0131 saatlerde \u00e7ocuklar\u0131n\u0131n g\u00fcvende olmalar\u0131n\u0131 sa\u011flamak i\u00e7in kullan\u0131l\u0131r. Evin \u00e7e\u015fitli alanlar\u0131n\u0131 g\u00fcvenli hale getirmek, \u00e7al\u0131\u015fan ebeveynlerin \u00e7ocuklar\u0131n\u0131 daha az endi\u015feyle b\u0131rakabilmelerini sa\u011flar. \u00c7ocuk g\u00fcvenlik kilitleri ve g\u00fcvenlik \u00fcr\u00fcnleri, ebeveynlerin \u00e7ocuklar\u0131n\u0131 yaln\u0131z b\u0131rak\u0131rken i\u00e7 huzurlar\u0131n\u0131 art\u0131r\u0131r.<\/p>\n\n\n\n<p><\/p>\n\n\n\n<h3 class=\"wp-block-heading\"><strong>4<\/strong>. <strong>Kazalar\u0131n Artan Fark\u0131ndal\u0131\u011f\u0131 ve E\u011fitim<\/strong><\/h3>\n\n\n\n<p>Son y\u0131llarda, kazalar\u0131n \u00f6nlenmesi ve \u00e7ocuk g\u00fcvenli\u011fi konusundaki fark\u0131ndal\u0131k \u00f6nemli \u00f6l\u00e7\u00fcde artm\u0131\u015ft\u0131r. Medyada, e\u011fitimlerde ve sa\u011fl\u0131k kampanyalar\u0131nda, \u00e7ocuk kazalar\u0131n\u0131n \u00f6nlenmesi ile ilgili daha fazla bilgi ve \u00f6neri yer almaktad\u0131r. Ebeveynler, \u00e7ocuklar\u0131n\u0131n g\u00fcvenli\u011fi konusunda daha bilin\u00e7li hale gelmi\u015f ve \u00e7e\u015fitli tehlikeleri \u00f6nceden engellemek i\u00e7in \u00f6nlemler almaya ba\u015flam\u0131\u015ft\u0131r.<\/p>\n\n\n\n<p>Bu artan fark\u0131ndal\u0131k, \u00e7ocuk g\u00fcvenlik \u00fcr\u00fcnlerine olan talebi art\u0131rm\u0131\u015ft\u0131r. Art\u0131k ebeveynler, evdeki her k\u00f6\u015fede g\u00fcvenlik sa\u011flay\u0131c\u0131 \u00fcr\u00fcnler kullanmaya daha yatk\u0131n hale gelmi\u015ftir. Dolap kilitleri, priz koruyucular\u0131, b\u0131\u00e7ak koruyucular\u0131 ve benzeri \u00fcr\u00fcnler, ebeveynlerin \u00e7ocuklar\u0131n\u0131n g\u00fcvenli\u011fini sa\u011flama konusunda en \u00f6nemli ara\u00e7lardan biri olarak kabul edilmektedir.<\/p>\n\n\n\n<p><\/p>\n\n\n\n<h3 class=\"wp-block-heading\"><strong>5.&nbsp;\u00c7ocuklar\u0131n Daha Gen\u00e7 Ya\u015flarda Ba\u011f\u0131ms\u0131zla\u015fmas\u0131<\/strong><\/h3>\n\n\n\n<p>G\u00fcn\u00fcm\u00fczde \u00e7ocuklar, daha k\u00fc\u00e7\u00fck ya\u015flarda ba\u011f\u0131ms\u0131zl\u0131k kazanmaya ba\u015flar. Y\u00fcr\u00fcmeye ba\u015flad\u0131klar\u0131nda, tek ba\u015flar\u0131na oynamaya, yemek yeme\u011fe ve di\u011fer g\u00fcnl\u00fck i\u015fleri yapmaya ba\u015flarlar. Bu erken ba\u011f\u0131ms\u0131zl\u0131k, \u00e7ocuklar\u0131n daha fazla kazaya u\u011frama riskini art\u0131rabilir, \u00e7\u00fcnk\u00fc \u00e7ocuklar her zaman \u00e7evrelerindeki tehlikelerin fark\u0131nda olmayabilirler.<\/p>\n\n\n\n<p>\u00d6zellikle erken ya\u015fta hareket etmeye ba\u015flayan \u00e7ocuklar, evdeki t\u00fcm alanlara h\u0131zla ula\u015fmaya ba\u015flar. Bu noktada, \u00e7ocuk g\u00fcvenlik kilitleri ve koruyucu \u00fcr\u00fcnler, \u00e7ocuklar\u0131n evdeki tehlikelerden uzak tutulmas\u0131nda kritik bir rol oynar.<\/p>\n\n\n\n<p><\/p>\n\n\n\n<h3 class=\"wp-block-heading\"><strong>6<\/strong>.&nbsp;<strong>Daha Fazla Konfor ve G\u00fcvenlik Sa\u011flamak \u0130ste\u011fi<\/strong><\/h3>\n\n\n\n<p>Ebeveynler, \u00e7ocuklar\u0131n\u0131 koruma konusunda her ge\u00e7en g\u00fcn daha fazla konfor ve g\u00fcvenlik aray\u0131\u015f\u0131ndad\u0131rlar. Teknolojik \u00fcr\u00fcnlerin, g\u00fcnl\u00fck ya\u015fam\u0131 kolayla\u015ft\u0131r\u0131rken g\u00fcvenli\u011fi de art\u0131ran \u00e7\u00f6z\u00fcmleri sunmas\u0131, bu ihtiyac\u0131 daha da art\u0131rmaktad\u0131r. \u00c7ocuk g\u00fcvenli\u011fi \u00fcr\u00fcnleri, ebeveynlerin \u00e7ocuklar\u0131n\u0131 s\u00fcrekli g\u00f6zlemleyemedi\u011fi durumlarda bile g\u00fcvenli bir ortam yaratmalar\u0131n\u0131 sa\u011flar.<\/p>\n\n\n\n<p>Ebeveynler, \u00e7e\u015fitli g\u00fcvenlik \u00fcr\u00fcnleri kullanarak, hem \u00e7ocuklar\u0131na daha g\u00fcvenli bir ortam sunabilir hem de \u00e7ocuklar\u0131n\u0131n g\u00fcvenli\u011fi konusunda daha fazla kontrol sahibi olabilirler.<\/p>\n\n\n\n<p><\/p>\n\n\n\n<p><\/p>\n\n\n\n<p>*<\/p>\n\n\n\n<p>   \u00c7ocuk g\u00fcvenlik kilitleri ve g\u00fcvenlik \u00fcr\u00fcnlerinin ihtiyac\u0131n\u0131n artmas\u0131, toplumsal, k\u00fclt\u00fcrel ve teknolojik de\u011fi\u015fimlerin bir sonucu olarak ortaya \u00e7\u0131km\u0131\u015ft\u0131r.     <\/p>\n\n\n\n<p>   \u00c7ocuklar\u0131n daha fazla ke\u015fif yapmas\u0131, teknolojilere daha yak\u0131n olmas\u0131, evdeki tehlikelerin artmas\u0131 ve ebeveynlerin daha bilin\u00e7li hale gelmesi, bu t\u00fcr \u00fcr\u00fcnlere olan talebin artmas\u0131ndaki ba\u015fl\u0131ca sebeplerdir.<\/p>\n\n\n\n<p>   Ebeveynlerin, \u00e7ocuklar\u0131n\u0131n g\u00fcvenli\u011fini sa\u011flamak i\u00e7in g\u00fcvenlik \u00fcr\u00fcnlerini kullanmaya olan e\u011filimleri, hem fiziksel hem de dijital d\u00fcnyada \u00e7ocuklar\u0131 koruma ad\u0131na \u00f6nemli bir ad\u0131m olmu\u015ftur. <\/p>\n\n\n\n<p>   Bu \u00fcr\u00fcnler, hem \u00e7ocuklar\u0131n g\u00fcvenli\u011fini art\u0131r\u0131rken hem de ebeveynlerin \u00e7ocuklar\u0131na kar\u015f\u0131 olan sorumluluklar\u0131n\u0131 yerine getirmelerine yard\u0131mc\u0131 olmaktad\u0131r.<\/p>\n","protected":false},"excerpt":{"rendered":"<p>\u00c7ocuk g\u00fcvenli\u011fi, ebeveynler ve bak\u0131c\u0131lar i\u00e7in her zaman \u00f6ncelikli bir kayg\u0131 olmu\u015ftur. Ancak son y\u0131llarda, \u00e7ocuk g\u00fcvenli\u011fi \u00fcr\u00fcnlerinin ve kilitlerinin kullan\u0131m\u0131nda ciddi bir art\u0131\u015f g\u00f6zlemlenmektedir. Bu art\u0131\u015f\u0131n sebepleri, toplumsal de\u011fi\u015fimlerden teknolojik geli\u015fmelere kadar geni\u015f bir yelpazede incelenebilir. Peki, \u00e7ocuk g\u00fcvenlik \u00fcr\u00fcnlerinin ihtiyac\u0131 neden bu kadar artt\u0131? \u0130\u015fte bu art\u0131\u015f\u0131n ba\u015fl\u0131ca sebepleri: 1.&nbsp;\u00c7ocuklar\u0131n Artan Merak\u0131 ve [&hellip;]<\/p>\n","protected":false},"author":1,"featured_media":0,"parent":0,"menu_order":4,"comment_status":"closed","ping_status":"closed","template":"","meta":{"footnotes":""},"class_list":["post-2","page","type-page","status-publish","hentry"],"_links":{"self":[{"href":"https:\/\/cocukkilidi.net\/index.php?rest_route=\/wp\/v2\/pages\/2","targetHints":{"allow":["GET"]}}],"collection":[{"href":"https:\/\/cocukkilidi.net\/index.php?rest_route=\/wp\/v2\/pages"}],"about":[{"href":"https:\/\/cocukkilidi.net\/index.php?rest_route=\/wp\/v2\/types\/page"}],"author":[{"embeddable":true,"href":"https:\/\/cocukkilidi.net\/index.php?rest_route=\/wp\/v2\/users\/1"}],"replies":[{"embeddable":true,"href":"https:\/\/cocukkilidi.net\/index.php?rest_route=%2Fwp%2Fv2%2Fcomments&post=2"}],"version-history":[{"count":5,"href":"https:\/\/cocukkilidi.net\/index.php?rest_route=\/wp\/v2\/pages\/2\/revisions"}],"predecessor-version":[{"id":96,"href":"https:\/\/cocukkilidi.net\/index.php?rest_route=\/wp\/v2\/pages\/2\/revisions\/96"}],"wp:attachment":[{"href":"https:\/\/cocukkilidi.net\/index.php?rest_route=%2Fwp%2Fv2%2Fmedia&parent=2"}],"curies":[{"name":"wp","href":"https:\/\/api.w.org\/{rel}","templated":true}]}}