{"id":166,"date":"2024-12-08T15:56:19","date_gmt":"2024-12-08T15:56:19","guid":{"rendered":"https:\/\/cocukkilidi.net\/?page_id=166"},"modified":"2024-12-08T15:56:39","modified_gmt":"2024-12-08T15:56:39","slug":"cocuk-kilitlerinin-psikolojik-ve-sosyal-etkileri","status":"publish","type":"page","link":"https:\/\/cocukkilidi.net\/?page_id=166","title":{"rendered":"\u00c7ocuk Kilitlerinin Psikolojik ve Sosyal Etkileri"},"content":{"rendered":"\n<p><\/p>\n\n\n\n<p style=\"font-size:clamp(16.293px, 1.018rem + ((1vw - 3.2px) * 0.907), 25px);\">&#8211;\u00a0<strong>\u00c7ocuklarda G\u00fcvenlik Bilinci: Kilitlerin E\u011fitici Rol\u00fc<\/strong>: \u00c7ocuklar, g\u00fcvenlik \u00f6nlemleri hakk\u0131nda e\u011fitilmelidir. <\/p>\n\n\n\n<p style=\"font-size:clamp(16.293px, 1.018rem + ((1vw - 3.2px) * 0.907), 25px);\">  Kilitler, \u00e7ocuklara tehlikelerden korunmay\u0131 \u00f6\u011fretmenin bir yolu olabilir.<\/p>\n\n\n\n<p><\/p>\n\n\n\n<p style=\"font-size:clamp(16.293px, 1.018rem + ((1vw - 3.2px) * 0.907), 25px);\">&#8211;\u00a0<strong>Ba\u011f\u0131ms\u0131zl\u0131k ve Ke\u015fif: \u00c7ocuk Kilitlerinin Etkileri<\/strong>: Kilitler, \u00e7ocuklar\u0131n ba\u011f\u0131ms\u0131zl\u0131klar\u0131n\u0131 kaybetmeden ke\u015ffetmelerine yard\u0131mc\u0131 olabilir.<\/p>\n\n\n\n<p><\/p>\n\n\n\n<p style=\"font-size:clamp(16.293px, 1.018rem + ((1vw - 3.2px) * 0.907), 25px);\">&#8211;\u00a0<strong>\u00c7ocuk Kilitlerinin Aile \u0130li\u015fkilerine Yans\u0131mas\u0131<\/strong>: \u00c7ocuk kilitlerinin aile i\u00e7indeki g\u00fcvenlik alg\u0131s\u0131n\u0131 nas\u0131l de\u011fi\u015ftirdi\u011fi ve ebeveyn-\u00e7ocuk ili\u015fkileri \u00fczerindeki etkileri.<\/p>\n\n\n\n<p><\/p>\n\n\n\n<p style=\"font-size:clamp(16.293px, 1.018rem + ((1vw - 3.2px) * 0.907), 25px);\">&#8211;\u00a0<strong>\u00c7ocuklar\u0131n S\u0131n\u0131rlar\u0131n\u0131 \u00d6\u011frenmeleri ve G\u00fcvenli Ortamda Oynamalar\u0131<\/strong>: \u00c7ocuklar s\u0131n\u0131rlar\u0131n\u0131 ke\u015ffederken, g\u00fcvenli ortamda oynayarak tecr\u00fcbeler edinirler. <\/p>\n\n\n\n<p style=\"font-size:clamp(16.293px, 1.018rem + ((1vw - 3.2px) * 0.907), 25px);\">   Bu ba\u015fl\u0131kta, \u00e7ocuklar\u0131n g\u00fcvenli alanlarda ke\u015fif yapmalar\u0131n\u0131n \u00f6nemine de\u011finilir.<\/p>\n","protected":false},"excerpt":{"rendered":"<p>&#8211;\u00a0\u00c7ocuklarda G\u00fcvenlik Bilinci: Kilitlerin E\u011fitici Rol\u00fc: \u00c7ocuklar, g\u00fcvenlik \u00f6nlemleri hakk\u0131nda e\u011fitilmelidir. Kilitler, \u00e7ocuklara tehlikelerden korunmay\u0131 \u00f6\u011fretmenin bir yolu olabilir. &#8211;\u00a0Ba\u011f\u0131ms\u0131zl\u0131k ve Ke\u015fif: \u00c7ocuk Kilitlerinin Etkileri: Kilitler, \u00e7ocuklar\u0131n ba\u011f\u0131ms\u0131zl\u0131klar\u0131n\u0131 kaybetmeden ke\u015ffetmelerine yard\u0131mc\u0131 olabilir. &#8211;\u00a0\u00c7ocuk Kilitlerinin Aile \u0130li\u015fkilerine Yans\u0131mas\u0131: \u00c7ocuk kilitlerinin aile i\u00e7indeki g\u00fcvenlik alg\u0131s\u0131n\u0131 nas\u0131l de\u011fi\u015ftirdi\u011fi ve ebeveyn-\u00e7ocuk ili\u015fkileri \u00fczerindeki etkileri. &#8211;\u00a0\u00c7ocuklar\u0131n S\u0131n\u0131rlar\u0131n\u0131 \u00d6\u011frenmeleri ve G\u00fcvenli [&hellip;]<\/p>\n","protected":false},"author":1,"featured_media":0,"parent":160,"menu_order":0,"comment_status":"closed","ping_status":"closed","template":"","meta":{"footnotes":""},"class_list":["post-166","page","type-page","status-publish","hentry"],"_links":{"self":[{"href":"https:\/\/cocukkilidi.net\/index.php?rest_route=\/wp\/v2\/pages\/166","targetHints":{"allow":["GET"]}}],"collection":[{"href":"https:\/\/cocukkilidi.net\/index.php?rest_route=\/wp\/v2\/pages"}],"about":[{"href":"https:\/\/cocukkilidi.net\/index.php?rest_route=\/wp\/v2\/types\/page"}],"author":[{"embeddable":true,"href":"https:\/\/cocukkilidi.net\/index.php?rest_route=\/wp\/v2\/users\/1"}],"replies":[{"embeddable":true,"href":"https:\/\/cocukkilidi.net\/index.php?rest_route=%2Fwp%2Fv2%2Fcomments&post=166"}],"version-history":[{"count":1,"href":"https:\/\/cocukkilidi.net\/index.php?rest_route=\/wp\/v2\/pages\/166\/revisions"}],"predecessor-version":[{"id":168,"href":"https:\/\/cocukkilidi.net\/index.php?rest_route=\/wp\/v2\/pages\/166\/revisions\/168"}],"up":[{"embeddable":true,"href":"https:\/\/cocukkilidi.net\/index.php?rest_route=\/wp\/v2\/pages\/160"}],"wp:attachment":[{"href":"https:\/\/cocukkilidi.net\/index.php?rest_route=%2Fwp%2Fv2%2Fmedia&parent=166"}],"curies":[{"name":"wp","href":"https:\/\/api.w.org\/{rel}","templated":true}]}}