{"id":163,"date":"2024-12-08T15:54:08","date_gmt":"2024-12-08T15:54:08","guid":{"rendered":"https:\/\/cocukkilidi.net\/?page_id=163"},"modified":"2024-12-08T15:54:49","modified_gmt":"2024-12-08T15:54:49","slug":"cocuk-kilitleri-ile-ilgili-yaygin-hatalar-ve-yanilgilar","status":"publish","type":"page","link":"https:\/\/cocukkilidi.net\/?page_id=163","title":{"rendered":"\u00c7ocuk Kilitleri ile \u0130lgili Yayg\u0131n Hatalar ve Yan\u0131lg\u0131lar"},"content":{"rendered":"\n<p><\/p>\n\n\n\n<p style=\"font-size:clamp(16.293px, 1.018rem + ((1vw - 3.2px) * 0.907), 25px);\">&#8211;\u00a0<strong>Yanl\u0131\u015f Montaj ve Kilitlerin Etkisizli\u011fi<\/strong>: \u00c7ocuk kilitlerinin yanl\u0131\u015f tak\u0131lmas\u0131, g\u00fcvenlik sa\u011flamaz. <\/p>\n\n\n\n<p style=\"font-size:clamp(16.293px, 1.018rem + ((1vw - 3.2px) * 0.907), 25px);\">   Bu ba\u015fl\u0131kta, kilitlerin yanl\u0131\u015f montaj\u0131n\u0131n getirebilece\u011fi riskler anlat\u0131l\u0131r.<\/p>\n\n\n\n<p><\/p>\n\n\n\n<p style=\"font-size:clamp(16.293px, 1.018rem + ((1vw - 3.2px) * 0.907), 25px);\">&#8211;\u00a0<strong>Uygun Olmayan Kilit Se\u00e7imi ve Sonu\u00e7lar\u0131<\/strong>: Yanl\u0131\u015f t\u00fcrde kilitler se\u00e7ildi\u011finde g\u00fcvenlik zafiyetleri olu\u015fabilir. <\/p>\n\n\n\n<p style=\"font-size:clamp(16.293px, 1.018rem + ((1vw - 3.2px) * 0.907), 25px);\">   Yanl\u0131\u015f se\u00e7imlerin neden oldu\u011fu sorunlar ve olas\u0131 sonu\u00e7lar\u0131 a\u00e7\u0131klan\u0131r.<\/p>\n\n\n\n<p><\/p>\n\n\n\n<p style=\"font-size:clamp(16.293px, 1.018rem + ((1vw - 3.2px) * 0.907), 25px);\">&#8211;\u00a0<strong>\u00c7ocuklar\u0131n Kilitleri Kolayca A\u015fmas\u0131: G\u00fcvensizlik Durumu<\/strong>: Baz\u0131 \u00e7ocuk kilitleri, \u00e7ocuklar taraf\u0131ndan kolayca a\u015f\u0131labilir. <\/p>\n\n\n\n<p style=\"font-size:clamp(16.293px, 1.018rem + ((1vw - 3.2px) * 0.907), 25px);\">   Bu durumda, daha sa\u011flam ve g\u00fcvenli alternatiflerin kullan\u0131lmas\u0131 gerekti\u011fi vurgulan\u0131r.<\/p>\n\n\n\n<p><\/p>\n\n\n\n<p style=\"font-size:clamp(16.293px, 1.018rem + ((1vw - 3.2px) * 0.907), 25px);\">&#8211;\u00a0<strong>\u00c7ocuk Kilitlerinin Yetersiz Olmas\u0131 Durumunda Al\u0131nacak Ek G\u00fcvenlik \u00d6nlemleri<\/strong>: Kilitler tek ba\u015f\u0131na yeterli olmayabilir. Bu ba\u015fl\u0131k, di\u011fer g\u00fcvenlik \u00f6nlemleriyle (\u00f6rne\u011fin k\u00f6\u015fe koruyucular\u0131, elektrik prizleri) desteklenen bir g\u00fcvenlik stratejisinin \u00f6nemini ele al\u0131r.<\/p>\n\n\n\n<p><\/p>\n","protected":false},"excerpt":{"rendered":"<p>&#8211;\u00a0Yanl\u0131\u015f Montaj ve Kilitlerin Etkisizli\u011fi: \u00c7ocuk kilitlerinin yanl\u0131\u015f tak\u0131lmas\u0131, g\u00fcvenlik sa\u011flamaz. Bu ba\u015fl\u0131kta, kilitlerin yanl\u0131\u015f montaj\u0131n\u0131n getirebilece\u011fi riskler anlat\u0131l\u0131r. &#8211;\u00a0Uygun Olmayan Kilit Se\u00e7imi ve Sonu\u00e7lar\u0131: Yanl\u0131\u015f t\u00fcrde kilitler se\u00e7ildi\u011finde g\u00fcvenlik zafiyetleri olu\u015fabilir. Yanl\u0131\u015f se\u00e7imlerin neden oldu\u011fu sorunlar ve olas\u0131 sonu\u00e7lar\u0131 a\u00e7\u0131klan\u0131r. &#8211;\u00a0\u00c7ocuklar\u0131n Kilitleri Kolayca A\u015fmas\u0131: G\u00fcvensizlik Durumu: Baz\u0131 \u00e7ocuk kilitleri, \u00e7ocuklar taraf\u0131ndan kolayca a\u015f\u0131labilir. Bu [&hellip;]<\/p>\n","protected":false},"author":1,"featured_media":0,"parent":160,"menu_order":0,"comment_status":"closed","ping_status":"closed","template":"","meta":{"footnotes":""},"class_list":["post-163","page","type-page","status-publish","hentry"],"_links":{"self":[{"href":"https:\/\/cocukkilidi.net\/index.php?rest_route=\/wp\/v2\/pages\/163","targetHints":{"allow":["GET"]}}],"collection":[{"href":"https:\/\/cocukkilidi.net\/index.php?rest_route=\/wp\/v2\/pages"}],"about":[{"href":"https:\/\/cocukkilidi.net\/index.php?rest_route=\/wp\/v2\/types\/page"}],"author":[{"embeddable":true,"href":"https:\/\/cocukkilidi.net\/index.php?rest_route=\/wp\/v2\/users\/1"}],"replies":[{"embeddable":true,"href":"https:\/\/cocukkilidi.net\/index.php?rest_route=%2Fwp%2Fv2%2Fcomments&post=163"}],"version-history":[{"count":1,"href":"https:\/\/cocukkilidi.net\/index.php?rest_route=\/wp\/v2\/pages\/163\/revisions"}],"predecessor-version":[{"id":165,"href":"https:\/\/cocukkilidi.net\/index.php?rest_route=\/wp\/v2\/pages\/163\/revisions\/165"}],"up":[{"embeddable":true,"href":"https:\/\/cocukkilidi.net\/index.php?rest_route=\/wp\/v2\/pages\/160"}],"wp:attachment":[{"href":"https:\/\/cocukkilidi.net\/index.php?rest_route=%2Fwp%2Fv2%2Fmedia&parent=163"}],"curies":[{"name":"wp","href":"https:\/\/api.w.org\/{rel}","templated":true}]}}