{"id":160,"date":"2024-12-08T15:52:06","date_gmt":"2024-12-08T15:52:06","guid":{"rendered":"https:\/\/cocukkilidi.net\/?page_id=160"},"modified":"2024-12-08T15:52:06","modified_gmt":"2024-12-08T15:52:06","slug":"cocuk-kilitlerinin-guvenlik-uzerindeki-etkisi","status":"publish","type":"page","link":"https:\/\/cocukkilidi.net\/?page_id=160","title":{"rendered":"\u00c7ocuk Kilitlerinin G\u00fcvenlik \u00dczerindeki Etkisi"},"content":{"rendered":"\n<p><\/p>\n\n\n\n<p style=\"font-size:clamp(16.293px, 1.018rem + ((1vw - 3.2px) * 0.907), 25px);\">&#8211;\u00a0<strong>\u00c7ocuk Kilitleri ve \u00c7ocuk G\u00fcvenli\u011fi: Ger\u00e7ek Etkiler<\/strong>: \u00c7ocuk kilitlerinin ger\u00e7ekten etkili olup olmad\u0131\u011f\u0131 ve g\u00fcvenlik \u00fczerindeki somut etkileri ele al\u0131n\u0131r.<\/p>\n\n\n\n<p><\/p>\n\n\n\n<p style=\"font-size:clamp(16.293px, 1.018rem + ((1vw - 3.2px) * 0.907), 25px);\">&#8211;\u00a0<strong>Kilitsiz Alanlar ve Riskler<\/strong>: \u00c7ocuk kilitlerinin bulunmad\u0131\u011f\u0131 yerlerde ya\u015fanabilecek riskler ve kazalar hakk\u0131nda bilgi verilir.<\/p>\n\n\n\n<p><\/p>\n\n\n\n<p style=\"font-size:clamp(16.293px, 1.018rem + ((1vw - 3.2px) * 0.907), 25px);\">&#8211;\u00a0<strong>\u00c7ocuk Kilitlerinin Toplumda ve Evdeki G\u00fcvenlik Alg\u0131s\u0131na Katk\u0131s\u0131<\/strong>: \u00c7ocuk kilitlerinin, toplumda \u00e7ocuk g\u00fcvenli\u011fi alg\u0131s\u0131n\u0131 nas\u0131l de\u011fi\u015ftirdi\u011fi ve ailelerin g\u00fcvenlik konusunda nas\u0131l daha bilin\u00e7li hale geldi\u011fi tart\u0131\u015f\u0131l\u0131r.<\/p>\n\n\n\n<p><\/p>\n\n\n\n<p style=\"font-size:clamp(16.293px, 1.018rem + ((1vw - 3.2px) * 0.907), 25px);\">&#8211;\u00a0<strong>Yasal D\u00fczenlemeler ve \u00c7ocuk G\u00fcvenli\u011fi<\/strong>: \u00c7ocuk kilitleri ve g\u00fcvenlik \u00f6nlemleri ile ilgili yasal d\u00fczenlemeler ve uygulamalar hakk\u0131nda bilgi verilir.<\/p>\n","protected":false},"excerpt":{"rendered":"<p>&#8211;\u00a0\u00c7ocuk Kilitleri ve \u00c7ocuk G\u00fcvenli\u011fi: Ger\u00e7ek Etkiler: \u00c7ocuk kilitlerinin ger\u00e7ekten etkili olup olmad\u0131\u011f\u0131 ve g\u00fcvenlik \u00fczerindeki somut etkileri ele al\u0131n\u0131r. &#8211;\u00a0Kilitsiz Alanlar ve Riskler: \u00c7ocuk kilitlerinin bulunmad\u0131\u011f\u0131 yerlerde ya\u015fanabilecek riskler ve kazalar hakk\u0131nda bilgi verilir. &#8211;\u00a0\u00c7ocuk Kilitlerinin Toplumda ve Evdeki G\u00fcvenlik Alg\u0131s\u0131na Katk\u0131s\u0131: \u00c7ocuk kilitlerinin, toplumda \u00e7ocuk g\u00fcvenli\u011fi alg\u0131s\u0131n\u0131 nas\u0131l de\u011fi\u015ftirdi\u011fi ve ailelerin g\u00fcvenlik konusunda [&hellip;]<\/p>\n","protected":false},"author":1,"featured_media":0,"parent":0,"menu_order":0,"comment_status":"closed","ping_status":"closed","template":"","meta":{"footnotes":""},"class_list":["post-160","page","type-page","status-publish","hentry"],"_links":{"self":[{"href":"https:\/\/cocukkilidi.net\/index.php?rest_route=\/wp\/v2\/pages\/160","targetHints":{"allow":["GET"]}}],"collection":[{"href":"https:\/\/cocukkilidi.net\/index.php?rest_route=\/wp\/v2\/pages"}],"about":[{"href":"https:\/\/cocukkilidi.net\/index.php?rest_route=\/wp\/v2\/types\/page"}],"author":[{"embeddable":true,"href":"https:\/\/cocukkilidi.net\/index.php?rest_route=\/wp\/v2\/users\/1"}],"replies":[{"embeddable":true,"href":"https:\/\/cocukkilidi.net\/index.php?rest_route=%2Fwp%2Fv2%2Fcomments&post=160"}],"version-history":[{"count":1,"href":"https:\/\/cocukkilidi.net\/index.php?rest_route=\/wp\/v2\/pages\/160\/revisions"}],"predecessor-version":[{"id":162,"href":"https:\/\/cocukkilidi.net\/index.php?rest_route=\/wp\/v2\/pages\/160\/revisions\/162"}],"wp:attachment":[{"href":"https:\/\/cocukkilidi.net\/index.php?rest_route=%2Fwp%2Fv2%2Fmedia&parent=160"}],"curies":[{"name":"wp","href":"https:\/\/api.w.org\/{rel}","templated":true}]}}