{"id":157,"date":"2024-12-08T15:49:55","date_gmt":"2024-12-08T15:49:55","guid":{"rendered":"https:\/\/cocukkilidi.net\/?page_id=157"},"modified":"2024-12-08T15:50:10","modified_gmt":"2024-12-08T15:50:10","slug":"cocuk-kilitlerinin-montaji-ve-bakimi","status":"publish","type":"page","link":"https:\/\/cocukkilidi.net\/?page_id=157","title":{"rendered":"\u00c7ocuk Kilitlerinin Montaj\u0131 ve Bak\u0131m\u0131"},"content":{"rendered":"\n<p><\/p>\n\n\n\n<p style=\"font-size:clamp(16.293px, 1.018rem + ((1vw - 3.2px) * 0.907), 25px);\">&#8211;\u00a0<strong>\u00c7ocuk Kilitlerinin Kurulumu: Ad\u0131m Ad\u0131m K\u0131lavuz<\/strong>: \u00c7ocuk kilitlerinin do\u011fru \u015fekilde monte edilmesi gerekir. Bu k\u0131lavuz, kilitlerin nas\u0131l tak\u0131laca\u011f\u0131 hakk\u0131nda bilgi verir.<\/p>\n\n\n\n<p><\/p>\n\n\n\n<p style=\"font-size:clamp(16.293px, 1.018rem + ((1vw - 3.2px) * 0.907), 25px);\">&#8211;\u00a0<strong>Montajda Dikkat Edilmesi Gereken Noktalar<\/strong>: Kilitlerin do\u011fru yerle\u015ftirilmesi ve sa\u011flam olmas\u0131 gerekir.<\/p>\n\n\n\n<p style=\"font-size:clamp(16.293px, 1.018rem + ((1vw - 3.2px) * 0.907), 25px);\">   Ayr\u0131ca, montaj s\u0131ras\u0131nda dikkat edilmesi gereken baz\u0131 g\u00fcvenlik \u00f6nlemleri vard\u0131r.<\/p>\n\n\n\n<p><\/p>\n\n\n\n<p style=\"font-size:clamp(16.293px, 1.018rem + ((1vw - 3.2px) * 0.907), 25px);\">&#8211;\u00a0<strong>Kilitlerin Bak\u0131m\u0131 ve Temizli\u011fi<\/strong>: \u00c7ocuk kilitleri, zamanla tozlanabilir ve \u00e7al\u0131\u015fmas\u0131 zorla\u015fabilir. <\/p>\n\n\n\n<p style=\"font-size:clamp(16.293px, 1.018rem + ((1vw - 3.2px) * 0.907), 25px);\">  Bu ba\u015fl\u0131k, kilitlerin nas\u0131l temizlenece\u011fini ve bak\u0131mlar\u0131n\u0131n nas\u0131l yap\u0131laca\u011f\u0131n\u0131 a\u00e7\u0131klar.<\/p>\n\n\n\n<p><\/p>\n\n\n\n<p style=\"font-size:clamp(16.293px, 1.018rem + ((1vw - 3.2px) * 0.907), 25px);\">&#8211;\u00a0<strong>Zamanla Bozulabilecek Kilitler: Ne Zaman De\u011fi\u015ftirilmelidir?<\/strong>: Kilitler zamanla a\u015f\u0131nabilir. Ebeveynler, bu kilitleri de\u011fi\u015ftirmek gerekti\u011finde hangi g\u00f6stergelere dikkat etmelidirler?<\/p>\n","protected":false},"excerpt":{"rendered":"<p>&#8211;\u00a0\u00c7ocuk Kilitlerinin Kurulumu: Ad\u0131m Ad\u0131m K\u0131lavuz: \u00c7ocuk kilitlerinin do\u011fru \u015fekilde monte edilmesi gerekir. Bu k\u0131lavuz, kilitlerin nas\u0131l tak\u0131laca\u011f\u0131 hakk\u0131nda bilgi verir. &#8211;\u00a0Montajda Dikkat Edilmesi Gereken Noktalar: Kilitlerin do\u011fru yerle\u015ftirilmesi ve sa\u011flam olmas\u0131 gerekir. Ayr\u0131ca, montaj s\u0131ras\u0131nda dikkat edilmesi gereken baz\u0131 g\u00fcvenlik \u00f6nlemleri vard\u0131r. &#8211;\u00a0Kilitlerin Bak\u0131m\u0131 ve Temizli\u011fi: \u00c7ocuk kilitleri, zamanla tozlanabilir ve \u00e7al\u0131\u015fmas\u0131 zorla\u015fabilir. Bu [&hellip;]<\/p>\n","protected":false},"author":1,"featured_media":0,"parent":140,"menu_order":0,"comment_status":"closed","ping_status":"closed","template":"","meta":{"footnotes":""},"class_list":["post-157","page","type-page","status-publish","hentry"],"_links":{"self":[{"href":"https:\/\/cocukkilidi.net\/index.php?rest_route=\/wp\/v2\/pages\/157","targetHints":{"allow":["GET"]}}],"collection":[{"href":"https:\/\/cocukkilidi.net\/index.php?rest_route=\/wp\/v2\/pages"}],"about":[{"href":"https:\/\/cocukkilidi.net\/index.php?rest_route=\/wp\/v2\/types\/page"}],"author":[{"embeddable":true,"href":"https:\/\/cocukkilidi.net\/index.php?rest_route=\/wp\/v2\/users\/1"}],"replies":[{"embeddable":true,"href":"https:\/\/cocukkilidi.net\/index.php?rest_route=%2Fwp%2Fv2%2Fcomments&post=157"}],"version-history":[{"count":1,"href":"https:\/\/cocukkilidi.net\/index.php?rest_route=\/wp\/v2\/pages\/157\/revisions"}],"predecessor-version":[{"id":159,"href":"https:\/\/cocukkilidi.net\/index.php?rest_route=\/wp\/v2\/pages\/157\/revisions\/159"}],"up":[{"embeddable":true,"href":"https:\/\/cocukkilidi.net\/index.php?rest_route=\/wp\/v2\/pages\/140"}],"wp:attachment":[{"href":"https:\/\/cocukkilidi.net\/index.php?rest_route=%2Fwp%2Fv2%2Fmedia&parent=157"}],"curies":[{"name":"wp","href":"https:\/\/api.w.org\/{rel}","templated":true}]}}