{"id":154,"date":"2024-12-08T15:47:01","date_gmt":"2024-12-08T15:47:01","guid":{"rendered":"https:\/\/cocukkilidi.net\/?page_id=154"},"modified":"2024-12-08T15:47:19","modified_gmt":"2024-12-08T15:47:19","slug":"cocuk-kilitlerinin-secimi-hangi-kilit-ne-zaman-kullanilir","status":"publish","type":"page","link":"https:\/\/cocukkilidi.net\/?page_id=154","title":{"rendered":"\u00c7ocuk Kilitlerinin Se\u00e7imi: Hangi Kilit Ne Zaman Kullan\u0131l\u0131r?"},"content":{"rendered":"\n<p><\/p>\n\n\n\n<p style=\"font-size:clamp(16.293px, 1.018rem + ((1vw - 3.2px) * 0.907), 25px);\">&#8211;\u00a0<strong>\u00c7ocu\u011fun Ya\u015f\u0131 ve Kilit Se\u00e7imi<\/strong>: Farkl\u0131 ya\u015flar, farkl\u0131 g\u00fcvenlik ihtiya\u00e7lar\u0131 anlam\u0131na gelir. Kilitlerin ya\u015fa g\u00f6re se\u00e7ilmesi, g\u00fcvenlik a\u00e7\u0131s\u0131ndan \u00f6nemlidir.<\/p>\n\n\n\n<p><\/p>\n\n\n\n<p style=\"font-size:clamp(16.293px, 1.018rem + ((1vw - 3.2px) * 0.907), 25px);\">&#8211;\u00a0<strong>Farkl\u0131 Ev Alanlar\u0131 \u0130\u00e7in Uygun Kilitler<\/strong>: Her evin farkl\u0131 g\u00fcvenlik ihtiya\u00e7lar\u0131 vard\u0131r. <\/p>\n\n\n\n<p style=\"font-size:clamp(16.293px, 1.018rem + ((1vw - 3.2px) * 0.907), 25px);\">  Mutfak i\u00e7in kullan\u0131lan kilitler, banyo veya yatak odas\u0131 i\u00e7in uygun olmayabilir.<\/p>\n\n\n\n<p><\/p>\n\n\n\n<p style=\"font-size:clamp(16.293px, 1.018rem + ((1vw - 3.2px) * 0.907), 25px);\">&#8211;\u00a0<strong>G\u00fcvenlik Derecesi ve Dayan\u0131kl\u0131l\u0131k<\/strong>: Kilidin g\u00fcvenlik seviyesi, hangi alanda kullan\u0131laca\u011f\u0131n\u0131 belirler. Baz\u0131 alanlar i\u00e7in daha dayan\u0131kl\u0131 kilitler gerekir.<\/p>\n\n\n\n<p><\/p>\n\n\n\n<p style=\"font-size:clamp(16.293px, 1.018rem + ((1vw - 3.2px) * 0.907), 25px);\">&#8211;\u00a0<strong>Kolay Montaj ve Kullan\u0131m Pratikli\u011fi<\/strong>: Kilitlerin montaj\u0131 ve kullan\u0131m\u0131 kolay olmal\u0131d\u0131r. <\/p>\n\n\n\n<p style=\"font-size:clamp(16.293px, 1.018rem + ((1vw - 3.2px) * 0.907), 25px);\">   \u00c7ocuk kilitleri, ebeveynlerin \u00e7ocuklar\u0131n\u0131 rahat\u00e7a g\u00f6zetleyebilmeleri i\u00e7in pratik olmal\u0131d\u0131r.<\/p>\n\n\n\n<p><\/p>\n\n\n\n<p style=\"font-size:clamp(16.293px, 1.018rem + ((1vw - 3.2px) * 0.907), 25px);\">&#8211;\u00a0<strong>\u00c7ocuk Kilitlerinde Dikkat Edilmesi Gereken Di\u011fer \u00d6zellikler<\/strong>: Kilitlerin \u00e7ocuk dostu, sa\u011flam ve estetik olmas\u0131 \u00f6nemlidir. Ayr\u0131ca,<br><br><br><br><br><\/p>\n","protected":false},"excerpt":{"rendered":"<p>&#8211;\u00a0\u00c7ocu\u011fun Ya\u015f\u0131 ve Kilit Se\u00e7imi: Farkl\u0131 ya\u015flar, farkl\u0131 g\u00fcvenlik ihtiya\u00e7lar\u0131 anlam\u0131na gelir. Kilitlerin ya\u015fa g\u00f6re se\u00e7ilmesi, g\u00fcvenlik a\u00e7\u0131s\u0131ndan \u00f6nemlidir. &#8211;\u00a0Farkl\u0131 Ev Alanlar\u0131 \u0130\u00e7in Uygun Kilitler: Her evin farkl\u0131 g\u00fcvenlik ihtiya\u00e7lar\u0131 vard\u0131r. Mutfak i\u00e7in kullan\u0131lan kilitler, banyo veya yatak odas\u0131 i\u00e7in uygun olmayabilir. &#8211;\u00a0G\u00fcvenlik Derecesi ve Dayan\u0131kl\u0131l\u0131k: Kilidin g\u00fcvenlik seviyesi, hangi alanda kullan\u0131laca\u011f\u0131n\u0131 belirler. Baz\u0131 alanlar [&hellip;]<\/p>\n","protected":false},"author":1,"featured_media":0,"parent":140,"menu_order":0,"comment_status":"closed","ping_status":"closed","template":"","meta":{"footnotes":""},"class_list":["post-154","page","type-page","status-publish","hentry"],"_links":{"self":[{"href":"https:\/\/cocukkilidi.net\/index.php?rest_route=\/wp\/v2\/pages\/154","targetHints":{"allow":["GET"]}}],"collection":[{"href":"https:\/\/cocukkilidi.net\/index.php?rest_route=\/wp\/v2\/pages"}],"about":[{"href":"https:\/\/cocukkilidi.net\/index.php?rest_route=\/wp\/v2\/types\/page"}],"author":[{"embeddable":true,"href":"https:\/\/cocukkilidi.net\/index.php?rest_route=\/wp\/v2\/users\/1"}],"replies":[{"embeddable":true,"href":"https:\/\/cocukkilidi.net\/index.php?rest_route=%2Fwp%2Fv2%2Fcomments&post=154"}],"version-history":[{"count":1,"href":"https:\/\/cocukkilidi.net\/index.php?rest_route=\/wp\/v2\/pages\/154\/revisions"}],"predecessor-version":[{"id":156,"href":"https:\/\/cocukkilidi.net\/index.php?rest_route=\/wp\/v2\/pages\/154\/revisions\/156"}],"up":[{"embeddable":true,"href":"https:\/\/cocukkilidi.net\/index.php?rest_route=\/wp\/v2\/pages\/140"}],"wp:attachment":[{"href":"https:\/\/cocukkilidi.net\/index.php?rest_route=%2Fwp%2Fv2%2Fmedia&parent=154"}],"curies":[{"name":"wp","href":"https:\/\/api.w.org\/{rel}","templated":true}]}}