{"id":151,"date":"2024-12-08T15:43:41","date_gmt":"2024-12-08T15:43:41","guid":{"rendered":"https:\/\/cocukkilidi.net\/?page_id=151"},"modified":"2024-12-08T15:44:11","modified_gmt":"2024-12-08T15:44:11","slug":"cocuk-kilitlerinin-kullanim-amaclari-ve-faydalari","status":"publish","type":"page","link":"https:\/\/cocukkilidi.net\/?page_id=151","title":{"rendered":"\u00c7ocuk Kilitlerinin Kullan\u0131m Ama\u00e7lar\u0131 ve Faydalar\u0131"},"content":{"rendered":"\n<p><\/p>\n\n\n\n<p style=\"font-size:clamp(16.293px, 1.018rem + ((1vw - 3.2px) * 0.907), 25px);\">&#8211;\u00a0<strong>\u00c7ocuklar\u0131n Tehlikeli Alanlara Eri\u015fimini Engellemek<\/strong>: \u00c7ocuk kilitlerinin birincil amac\u0131, \u00e7ocuklar\u0131n tehlikeli alanlara ve nesnelere eri\u015fimini engellemektir.<\/p>\n\n\n\n<p><\/p>\n\n\n\n<p style=\"font-size:clamp(16.293px, 1.018rem + ((1vw - 3.2px) * 0.907), 25px);\">&#8211;\u00a0<strong>Kazalar\u0131n ve Yaralanmalar\u0131n \u00d6nlenmesi<\/strong>: \u00c7ocuk kilitleri, evdeki kazalar\u0131n ve yaralanmalar\u0131n \u00f6nlenmesine yard\u0131mc\u0131 olur. <\/p>\n\n\n\n<p style=\"font-size:clamp(16.293px, 1.018rem + ((1vw - 3.2px) * 0.907), 25px);\">   Bu, ebeveynlerin \u00e7ocuklar\u0131n\u0131 g\u00fcvende tutabilmelerine olanak tan\u0131r.<\/p>\n\n\n\n<p><\/p>\n\n\n\n<p style=\"font-size:clamp(16.293px, 1.018rem + ((1vw - 3.2px) * 0.907), 25px);\">&#8211;\u00a0<strong>Ebeveynlerin G\u00fcvenli Bir Ortam Sa\u011flamas\u0131<\/strong>: Ebeveynler, \u00e7ocuklar\u0131n\u0131n g\u00fcvenli\u011fini sa\u011flamak i\u00e7in s\u00fcrekli endi\u015fe etmek yerine, \u00e7ocuk kilitleri ile \u00e7ocuklar\u0131n g\u00fcvende oldu\u011funu bilerek daha rahat bir ya\u015fam s\u00fcrd\u00fcrebilirler.<\/p>\n\n\n\n<p><\/p>\n\n\n\n<p style=\"font-size:clamp(16.293px, 1.018rem + ((1vw - 3.2px) * 0.907), 25px);\">&#8211;\u00a0<strong>\u00c7ocuklar\u0131n Ke\u015ffetme ve Ba\u011f\u0131ms\u0131zl\u0131k \u0130htiya\u00e7lar\u0131<\/strong>: \u00c7ocuklar, \u00e7evrelerini ke\u015ffetmek isterken g\u00fcvenli bir ortamda hareket edebilmeleri gerekir. <\/p>\n\n\n\n<p style=\"font-size:clamp(16.293px, 1.018rem + ((1vw - 3.2px) * 0.907), 25px);\">   \u00c7ocuk kilitleri, bu ke\u015fif s\u00fcrecine zarar vermeden \u00e7ocuklar\u0131 g\u00fcvende tutar.<\/p>\n","protected":false},"excerpt":{"rendered":"<p>&#8211;\u00a0\u00c7ocuklar\u0131n Tehlikeli Alanlara Eri\u015fimini Engellemek: \u00c7ocuk kilitlerinin birincil amac\u0131, \u00e7ocuklar\u0131n tehlikeli alanlara ve nesnelere eri\u015fimini engellemektir. &#8211;\u00a0Kazalar\u0131n ve Yaralanmalar\u0131n \u00d6nlenmesi: \u00c7ocuk kilitleri, evdeki kazalar\u0131n ve yaralanmalar\u0131n \u00f6nlenmesine yard\u0131mc\u0131 olur. Bu, ebeveynlerin \u00e7ocuklar\u0131n\u0131 g\u00fcvende tutabilmelerine olanak tan\u0131r. &#8211;\u00a0Ebeveynlerin G\u00fcvenli Bir Ortam Sa\u011flamas\u0131: Ebeveynler, \u00e7ocuklar\u0131n\u0131n g\u00fcvenli\u011fini sa\u011flamak i\u00e7in s\u00fcrekli endi\u015fe etmek yerine, \u00e7ocuk kilitleri ile \u00e7ocuklar\u0131n g\u00fcvende [&hellip;]<\/p>\n","protected":false},"author":1,"featured_media":0,"parent":140,"menu_order":0,"comment_status":"closed","ping_status":"closed","template":"","meta":{"footnotes":""},"class_list":["post-151","page","type-page","status-publish","hentry"],"_links":{"self":[{"href":"https:\/\/cocukkilidi.net\/index.php?rest_route=\/wp\/v2\/pages\/151","targetHints":{"allow":["GET"]}}],"collection":[{"href":"https:\/\/cocukkilidi.net\/index.php?rest_route=\/wp\/v2\/pages"}],"about":[{"href":"https:\/\/cocukkilidi.net\/index.php?rest_route=\/wp\/v2\/types\/page"}],"author":[{"embeddable":true,"href":"https:\/\/cocukkilidi.net\/index.php?rest_route=\/wp\/v2\/users\/1"}],"replies":[{"embeddable":true,"href":"https:\/\/cocukkilidi.net\/index.php?rest_route=%2Fwp%2Fv2%2Fcomments&post=151"}],"version-history":[{"count":1,"href":"https:\/\/cocukkilidi.net\/index.php?rest_route=\/wp\/v2\/pages\/151\/revisions"}],"predecessor-version":[{"id":153,"href":"https:\/\/cocukkilidi.net\/index.php?rest_route=\/wp\/v2\/pages\/151\/revisions\/153"}],"up":[{"embeddable":true,"href":"https:\/\/cocukkilidi.net\/index.php?rest_route=\/wp\/v2\/pages\/140"}],"wp:attachment":[{"href":"https:\/\/cocukkilidi.net\/index.php?rest_route=%2Fwp%2Fv2%2Fmedia&parent=151"}],"curies":[{"name":"wp","href":"https:\/\/api.w.org\/{rel}","templated":true}]}}