{"id":148,"date":"2024-12-08T15:41:54","date_gmt":"2024-12-08T15:41:54","guid":{"rendered":"https:\/\/cocukkilidi.net\/?page_id=148"},"modified":"2024-12-08T15:42:07","modified_gmt":"2024-12-08T15:42:07","slug":"cocuk-kilitlerinin-farkli-turleri","status":"publish","type":"page","link":"https:\/\/cocukkilidi.net\/?page_id=148","title":{"rendered":"\u00c7ocuk Kilitlerinin Farkl\u0131 T\u00fcrleri"},"content":{"rendered":"\n<p><\/p>\n\n\n\n<p style=\"font-size:clamp(14.642px, 0.915rem + ((1vw - 3.2px) * 0.766), 22px);\">\u00c7ocuk kilitleri, farkl\u0131\u00a0<strong>tasar\u0131mlar<\/strong>\u00a0ve\u00a0<strong>i\u015flevsellik<\/strong>\u00a0ile gelir. Bu ba\u015fl\u0131k, kilitlerin \u00e7e\u015fitlerini ve her bir t\u00fcr\u00fcn kullan\u0131m amac\u0131n\u0131 a\u00e7\u0131klar.<\/p>\n\n\n\n<p><\/p>\n\n\n\n<p><\/p>\n\n\n\n<p style=\"font-size:clamp(16.293px, 1.018rem + ((1vw - 3.2px) * 0.907), 25px);\">&#8211;\u00a0<strong>Manyetik \u00c7ocuk Kilitleri: Gizli G\u00fcvenlik<\/strong>: Manyetik kilitler, daha estetik bir g\u00f6r\u00fcn\u00fcm sunar ve \u00e7o\u011funlukla dolaplarda kullan\u0131l\u0131r. \u00c7ocuklar\u0131n fark etmeden g\u00fcvenli\u011fi sa\u011flar.<\/p>\n\n\n\n<p><\/p>\n\n\n\n<p style=\"font-size:clamp(16.293px, 1.018rem + ((1vw - 3.2px) * 0.907), 25px);\">&#8211;\u00a0<strong>Manuel \u00c7ocuk Kilitleri: Dayan\u0131kl\u0131 ve Kolay Kullan\u0131m<\/strong>: Manuel kilitler, daha basit mekanizmalara sahiptir ve genellikle g\u00fc\u00e7l\u00fc ve dayan\u0131kl\u0131d\u0131r. Kullan\u0131m\u0131 da olduk\u00e7a basittir.<\/p>\n\n\n\n<p><\/p>\n\n\n\n<p style=\"font-size:clamp(16.293px, 1.018rem + ((1vw - 3.2px) * 0.907), 25px);\">&#8211;\u00a0<strong>Vidal\u0131 \u00c7ocuk Kilitleri: Kal\u0131c\u0131 \u00c7\u00f6z\u00fcmler<\/strong>: Vidal\u0131 kilitler, kal\u0131c\u0131 \u00e7\u00f6z\u00fcmler sunar ve genellikle sabit g\u00fcvenlik gereksinimleri olan alanlarda kullan\u0131l\u0131r. Bu t\u00fcr kilitler, daha uzun \u00f6m\u00fcrl\u00fcd\u00fcr.<\/p>\n\n\n\n<p><\/p>\n\n\n\n<p style=\"font-size:clamp(16.293px, 1.018rem + ((1vw - 3.2px) * 0.907), 25px);\">&#8211;\u00a0<strong>G\u00fcvenlik Kollar\u0131 ve Engelleyici Paneller<\/strong>: Kap\u0131 ve pencere g\u00fcvenli\u011fi i\u00e7in kullan\u0131lan kollar ve paneller, \u00f6zellikle k\u00fc\u00e7\u00fck \u00e7ocuklar\u0131n kolayca a\u00e7amayaca\u011f\u0131 \u015fekilde tasarlan\u0131r.<\/p>\n\n\n\n<p><\/p>\n\n\n\n<p style=\"font-size:clamp(16.293px, 1.018rem + ((1vw - 3.2px) * 0.907), 25px);\">&#8211;\u00a0<strong>Priz Kilitleri ve Elektrik G\u00fcvenli\u011fi<\/strong>: Elektrik prizlerine tak\u0131lan \u00e7ocuk kilitleri, elektrik \u00e7arpmalar\u0131na kar\u015f\u0131 korur. \u00c7ocuklar prizlere eri\u015femez.<\/p>\n\n\n\n<p><\/p>\n\n\n\n<p style=\"font-size:clamp(16.293px, 1.018rem + ((1vw - 3.2px) * 0.907), 25px);\">&#8211;\u00a0<strong>Kap\u0131 ve Pencere Kilitleri: D\u0131\u015far\u0131ya \u00c7\u0131kmay\u0131 Engelleme<\/strong>: Bu kilitler, \u00e7ocuklar\u0131n d\u0131\u015far\u0131ya ka\u00e7malar\u0131n\u0131 veya pencerelerden d\u00fc\u015fmelerini engellemek i\u00e7in kullan\u0131l\u0131r.<\/p>\n\n\n\n<p><\/p>\n","protected":false},"excerpt":{"rendered":"<p>\u00c7ocuk kilitleri, farkl\u0131\u00a0tasar\u0131mlar\u00a0ve\u00a0i\u015flevsellik\u00a0ile gelir. Bu ba\u015fl\u0131k, kilitlerin \u00e7e\u015fitlerini ve her bir t\u00fcr\u00fcn kullan\u0131m amac\u0131n\u0131 a\u00e7\u0131klar. &#8211;\u00a0Manyetik \u00c7ocuk Kilitleri: Gizli G\u00fcvenlik: Manyetik kilitler, daha estetik bir g\u00f6r\u00fcn\u00fcm sunar ve \u00e7o\u011funlukla dolaplarda kullan\u0131l\u0131r. \u00c7ocuklar\u0131n fark etmeden g\u00fcvenli\u011fi sa\u011flar. &#8211;\u00a0Manuel \u00c7ocuk Kilitleri: Dayan\u0131kl\u0131 ve Kolay Kullan\u0131m: Manuel kilitler, daha basit mekanizmalara sahiptir ve genellikle g\u00fc\u00e7l\u00fc ve dayan\u0131kl\u0131d\u0131r. Kullan\u0131m\u0131 [&hellip;]<\/p>\n","protected":false},"author":1,"featured_media":0,"parent":140,"menu_order":0,"comment_status":"closed","ping_status":"closed","template":"","meta":{"footnotes":""},"class_list":["post-148","page","type-page","status-publish","hentry"],"_links":{"self":[{"href":"https:\/\/cocukkilidi.net\/index.php?rest_route=\/wp\/v2\/pages\/148","targetHints":{"allow":["GET"]}}],"collection":[{"href":"https:\/\/cocukkilidi.net\/index.php?rest_route=\/wp\/v2\/pages"}],"about":[{"href":"https:\/\/cocukkilidi.net\/index.php?rest_route=\/wp\/v2\/types\/page"}],"author":[{"embeddable":true,"href":"https:\/\/cocukkilidi.net\/index.php?rest_route=\/wp\/v2\/users\/1"}],"replies":[{"embeddable":true,"href":"https:\/\/cocukkilidi.net\/index.php?rest_route=%2Fwp%2Fv2%2Fcomments&post=148"}],"version-history":[{"count":1,"href":"https:\/\/cocukkilidi.net\/index.php?rest_route=\/wp\/v2\/pages\/148\/revisions"}],"predecessor-version":[{"id":150,"href":"https:\/\/cocukkilidi.net\/index.php?rest_route=\/wp\/v2\/pages\/148\/revisions\/150"}],"up":[{"embeddable":true,"href":"https:\/\/cocukkilidi.net\/index.php?rest_route=\/wp\/v2\/pages\/140"}],"wp:attachment":[{"href":"https:\/\/cocukkilidi.net\/index.php?rest_route=%2Fwp%2Fv2%2Fmedia&parent=148"}],"curies":[{"name":"wp","href":"https:\/\/api.w.org\/{rel}","templated":true}]}}