{"id":145,"date":"2024-12-08T15:38:32","date_gmt":"2024-12-08T15:38:32","guid":{"rendered":"https:\/\/cocukkilidi.net\/?page_id=145"},"modified":"2024-12-08T15:38:56","modified_gmt":"2024-12-08T15:38:56","slug":"cocuk-kilitlerinin-kullanim-alanlari","status":"publish","type":"page","link":"https:\/\/cocukkilidi.net\/?page_id=145","title":{"rendered":"\u00c7ocuk Kilitlerinin Kullan\u0131m Alanlar\u0131"},"content":{"rendered":"\n<p><\/p>\n\n\n\n<p style=\"font-size:clamp(16.293px, 1.018rem + ((1vw - 3.2px) * 0.907), 25px);\">&#8211;\u00a0<strong>Mutfak: \u00c7ocuklar \u0130\u00e7in En Tehlikeli Alan<\/strong>: Mutfak, kesici aletler, s\u0131cak ocaklar, f\u0131r\u0131nlar ve temizlik \u00fcr\u00fcnleri gibi pek \u00e7ok tehlike bar\u0131nd\u0131r\u0131r. <\/p>\n\n\n\n<p style=\"font-size:clamp(16.293px, 1.018rem + ((1vw - 3.2px) * 0.907), 25px);\">   Mutfakta kullan\u0131lan \u00e7ocuk kilitleri, bu tehlikeleri s\u0131n\u0131rlamak i\u00e7in hayati \u00f6nem ta\u015f\u0131r.<\/p>\n\n\n\n<p><\/p>\n\n\n\n<p style=\"font-size:clamp(16.293px, 1.018rem + ((1vw - 3.2px) * 0.907), 25px);\">&#8211;\u00a0<strong>Banyo: Temizlik \u00dcr\u00fcnlerinden \u0130la\u00e7lara<\/strong>: Banyoda bulunan temizlik malzemeleri, ila\u00e7lar ve t\u0131ra\u015f makineleri gibi nesneler \u00e7ocuklar i\u00e7in tehlike olu\u015fturabilir. <\/p>\n\n\n\n<p style=\"font-size:clamp(16.293px, 1.018rem + ((1vw - 3.2px) * 0.907), 25px);\">   \u00c7ocuk kilitleri, bu nesnelerin \u00e7ocuklar taraf\u0131ndan eri\u015filmesini engeller.<\/p>\n\n\n\n<p><\/p>\n\n\n\n<p style=\"font-size:0px\">&#8211;\u00a0<strong>Yatak Odas\u0131: Tehlikeli Nesneler ve E\u015fyalar<\/strong>: Yatak odas\u0131nda da ila\u00e7lar ve kesici aletler gibi tehlikeler bulunabilir. Ayr\u0131ca, \u00e7ocuklar bazen odalar\u0131ndaki dolaplar\u0131 kar\u0131\u015ft\u0131rarak tehlikeli nesneleri bulabilirler.<\/p>\n\n\n\n<p style=\"font-size:clamp(16.293px, 1.018rem + ((1vw - 3.2px) * 0.907), 25px);\">&#8211;\u00a0<strong>Kap\u0131 ve Pencereler: D\u0131\u015far\u0131ya \u00c7\u0131kma Riski<\/strong>: \u00c7ocuklar, evin d\u0131\u015f\u0131na \u00e7\u0131kma e\u011filiminde olabilirler. Balkonlar, pencereler veya d\u0131\u015f kap\u0131lar, \u00e7ocuklar i\u00e7in b\u00fcy\u00fck bir risk ta\u015f\u0131r. \u00c7ocuk kilitleri, bu alanlar\u0131n g\u00fcvenli\u011fini sa\u011flar.<\/p>\n\n\n\n<p><\/p>\n\n\n\n<p style=\"font-size:clamp(16.293px, 1.018rem + ((1vw - 3.2px) * 0.907), 25px);\">&#8211;\u00a0<strong>Merdivenler ve Balkonlar: D\u00fc\u015fme Tehlikeleri<\/strong>: Merdivenler ve balkonlar, \u00e7ocuklar i\u00e7in ciddi d\u00fc\u015fme riskleri bar\u0131nd\u0131r\u0131r.<\/p>\n\n\n\n<p style=\"font-size:clamp(16.293px, 1.018rem + ((1vw - 3.2px) * 0.907), 25px);\">    Bu t\u00fcr alanlarda kullan\u0131lan \u00e7ocuk kilitleri, \u00e7ocuklar\u0131n bu alanlara eri\u015fimini engeller.<\/p>\n\n\n\n<p><\/p>\n\n\n\n<p style=\"font-size:clamp(16.293px, 1.018rem + ((1vw - 3.2px) * 0.907), 25px);\">&#8211;\u00a0<strong>Yatak Odas\u0131: Tehlikeli Nesneler ve E\u015fyalar<\/strong>: Yatak odas\u0131nda da ila\u00e7lar ve kesici aletler gibi tehlikeler bulunabilir. <\/p>\n\n\n\n<p style=\"font-size:clamp(16.293px, 1.018rem + ((1vw - 3.2px) * 0.907), 25px);\">   Ayr\u0131ca, \u00e7ocuklar bazen odalar\u0131ndaki dolaplar\u0131 kar\u0131\u015ft\u0131rarak tehlikeli nesneleri bulabilirler.<\/p>\n","protected":false},"excerpt":{"rendered":"<p>&#8211;\u00a0Mutfak: \u00c7ocuklar \u0130\u00e7in En Tehlikeli Alan: Mutfak, kesici aletler, s\u0131cak ocaklar, f\u0131r\u0131nlar ve temizlik \u00fcr\u00fcnleri gibi pek \u00e7ok tehlike bar\u0131nd\u0131r\u0131r. Mutfakta kullan\u0131lan \u00e7ocuk kilitleri, bu tehlikeleri s\u0131n\u0131rlamak i\u00e7in hayati \u00f6nem ta\u015f\u0131r. &#8211;\u00a0Banyo: Temizlik \u00dcr\u00fcnlerinden \u0130la\u00e7lara: Banyoda bulunan temizlik malzemeleri, ila\u00e7lar ve t\u0131ra\u015f makineleri gibi nesneler \u00e7ocuklar i\u00e7in tehlike olu\u015fturabilir. \u00c7ocuk kilitleri, bu nesnelerin \u00e7ocuklar taraf\u0131ndan [&hellip;]<\/p>\n","protected":false},"author":1,"featured_media":0,"parent":140,"menu_order":0,"comment_status":"closed","ping_status":"closed","template":"","meta":{"footnotes":""},"class_list":["post-145","page","type-page","status-publish","hentry"],"_links":{"self":[{"href":"https:\/\/cocukkilidi.net\/index.php?rest_route=\/wp\/v2\/pages\/145","targetHints":{"allow":["GET"]}}],"collection":[{"href":"https:\/\/cocukkilidi.net\/index.php?rest_route=\/wp\/v2\/pages"}],"about":[{"href":"https:\/\/cocukkilidi.net\/index.php?rest_route=\/wp\/v2\/types\/page"}],"author":[{"embeddable":true,"href":"https:\/\/cocukkilidi.net\/index.php?rest_route=\/wp\/v2\/users\/1"}],"replies":[{"embeddable":true,"href":"https:\/\/cocukkilidi.net\/index.php?rest_route=%2Fwp%2Fv2%2Fcomments&post=145"}],"version-history":[{"count":1,"href":"https:\/\/cocukkilidi.net\/index.php?rest_route=\/wp\/v2\/pages\/145\/revisions"}],"predecessor-version":[{"id":147,"href":"https:\/\/cocukkilidi.net\/index.php?rest_route=\/wp\/v2\/pages\/145\/revisions\/147"}],"up":[{"embeddable":true,"href":"https:\/\/cocukkilidi.net\/index.php?rest_route=\/wp\/v2\/pages\/140"}],"wp:attachment":[{"href":"https:\/\/cocukkilidi.net\/index.php?rest_route=%2Fwp%2Fv2%2Fmedia&parent=145"}],"curies":[{"name":"wp","href":"https:\/\/api.w.org\/{rel}","templated":true}]}}