{"id":142,"date":"2024-12-08T15:33:17","date_gmt":"2024-12-08T15:33:17","guid":{"rendered":"https:\/\/cocukkilidi.net\/?page_id=142"},"modified":"2024-12-08T15:34:09","modified_gmt":"2024-12-08T15:34:09","slug":"cocuk-kilitleri-nedir","status":"publish","type":"page","link":"https:\/\/cocukkilidi.net\/?page_id=142","title":{"rendered":"\u00c7ocuk Kilitleri Nedir?"},"content":{"rendered":"\n<p><\/p>\n\n\n\n<p style=\"font-size:clamp(16.293px, 1.018rem + ((1vw - 3.2px) * 0.907), 25px);\">   &#8211;\u00a0<strong>\u00c7ocuk Kilitlerinin Tan\u0131m\u0131<\/strong>: \u00c7ocuk kilitleri, \u00e7ocuklar\u0131n evdeki tehlikeli alanlara veya nesnelere eri\u015fimini engelleyen g\u00fcvenlik cihazlar\u0131d\u0131r. <\/p>\n\n\n\n<p style=\"font-size:clamp(16.293px, 1.018rem + ((1vw - 3.2px) * 0.907), 25px);\">   Genellikle mutfak dolaplar\u0131nda, \u00e7ekmecelerde, kap\u0131larda ve pencerelerde kullan\u0131l\u0131r.<\/p>\n\n\n\n<p><\/p>\n\n\n\n<p style=\"font-size:clamp(16.293px, 1.018rem + ((1vw - 3.2px) * 0.907), 25px);\">   &#8211;\u00a0<strong>\u00c7ocuk Kilitlerinin Temel \u00d6zellikleri<\/strong>: \u00c7ocuk kilitleri genellikle sa\u011flam, dayan\u0131kl\u0131 ve \u00e7ocuklar taraf\u0131ndan kolayca a\u00e7\u0131lmayacak \u015fekilde tasarlan\u0131r. <\/p>\n\n\n\n<p style=\"font-size:clamp(16.293px, 1.018rem + ((1vw - 3.2px) * 0.907), 25px);\">   Kilitlerin kullan\u0131m kolayl\u0131\u011f\u0131, montaj\u0131 ve g\u00fcvenli\u011fi de \u00f6nemli \u00f6zelliklerdir.<\/p>\n\n\n\n<p><\/p>\n\n\n\n<p style=\"font-size:clamp(16.293px, 1.018rem + ((1vw - 3.2px) * 0.907), 25px);\">   &#8211;\u00a0<strong>\u00c7ocuk Kilitlerinin Evrimi: Ge\u00e7mi\u015ften G\u00fcn\u00fcm\u00fcze<\/strong>: \u00c7ocuk kilitleri zamanla evrimle\u015fmi\u015f, daha modern ve pratik hale gelmi\u015ftir. <\/p>\n\n\n\n<p style=\"font-size:clamp(16.293px, 1.018rem + ((1vw - 3.2px) * 0.907), 25px);\">   \u0130lk ba\u015fta basit mandallar \u015feklinde ba\u015flayan kilitler, g\u00fcn\u00fcm\u00fczde manyetik veya elektronik sistemlere kadar \u00e7e\u015fitlenmi\u015ftir.<\/p>\n","protected":false},"excerpt":{"rendered":"<p>&#8211;\u00a0\u00c7ocuk Kilitlerinin Tan\u0131m\u0131: \u00c7ocuk kilitleri, \u00e7ocuklar\u0131n evdeki tehlikeli alanlara veya nesnelere eri\u015fimini engelleyen g\u00fcvenlik cihazlar\u0131d\u0131r. Genellikle mutfak dolaplar\u0131nda, \u00e7ekmecelerde, kap\u0131larda ve pencerelerde kullan\u0131l\u0131r. &#8211;\u00a0\u00c7ocuk Kilitlerinin Temel \u00d6zellikleri: \u00c7ocuk kilitleri genellikle sa\u011flam, dayan\u0131kl\u0131 ve \u00e7ocuklar taraf\u0131ndan kolayca a\u00e7\u0131lmayacak \u015fekilde tasarlan\u0131r. Kilitlerin kullan\u0131m kolayl\u0131\u011f\u0131, montaj\u0131 ve g\u00fcvenli\u011fi de \u00f6nemli \u00f6zelliklerdir. &#8211;\u00a0\u00c7ocuk Kilitlerinin Evrimi: Ge\u00e7mi\u015ften G\u00fcn\u00fcm\u00fcze: \u00c7ocuk kilitleri [&hellip;]<\/p>\n","protected":false},"author":1,"featured_media":0,"parent":140,"menu_order":0,"comment_status":"closed","ping_status":"closed","template":"","meta":{"footnotes":""},"class_list":["post-142","page","type-page","status-publish","hentry"],"_links":{"self":[{"href":"https:\/\/cocukkilidi.net\/index.php?rest_route=\/wp\/v2\/pages\/142","targetHints":{"allow":["GET"]}}],"collection":[{"href":"https:\/\/cocukkilidi.net\/index.php?rest_route=\/wp\/v2\/pages"}],"about":[{"href":"https:\/\/cocukkilidi.net\/index.php?rest_route=\/wp\/v2\/types\/page"}],"author":[{"embeddable":true,"href":"https:\/\/cocukkilidi.net\/index.php?rest_route=\/wp\/v2\/users\/1"}],"replies":[{"embeddable":true,"href":"https:\/\/cocukkilidi.net\/index.php?rest_route=%2Fwp%2Fv2%2Fcomments&post=142"}],"version-history":[{"count":1,"href":"https:\/\/cocukkilidi.net\/index.php?rest_route=\/wp\/v2\/pages\/142\/revisions"}],"predecessor-version":[{"id":144,"href":"https:\/\/cocukkilidi.net\/index.php?rest_route=\/wp\/v2\/pages\/142\/revisions\/144"}],"up":[{"embeddable":true,"href":"https:\/\/cocukkilidi.net\/index.php?rest_route=\/wp\/v2\/pages\/140"}],"wp:attachment":[{"href":"https:\/\/cocukkilidi.net\/index.php?rest_route=%2Fwp%2Fv2%2Fmedia&parent=142"}],"curies":[{"name":"wp","href":"https:\/\/api.w.org\/{rel}","templated":true}]}}