{"id":140,"date":"2024-12-08T15:29:55","date_gmt":"2024-12-08T15:29:55","guid":{"rendered":"https:\/\/cocukkilidi.net\/?page_id=140"},"modified":"2024-12-08T15:29:55","modified_gmt":"2024-12-08T15:29:55","slug":"cocuklar-icin-evde-guvenlik-ihtiyaci","status":"publish","type":"page","link":"https:\/\/cocukkilidi.net\/?page_id=140","title":{"rendered":"\u00c7ocuklar \u0130\u00e7in Evde G\u00fcvenlik \u0130htiyac\u0131"},"content":{"rendered":"\n<p> <\/p>\n\n\n\n<p style=\"font-size:clamp(16.293px, 1.018rem + ((1vw - 3.2px) * 0.907), 25px);\">   <strong>\u00c7ocuklar\u0131n g\u00fcvenli\u011fi<\/strong>\u00a0konusu, her ebeveynin ilk \u00f6nceli\u011fidir, bu nedenle yaz\u0131n\u0131n ba\u015f\u0131nda bu ihtiyac\u0131 vurgulamak \u00f6nemlidir. <\/p>\n\n\n\n<p style=\"font-size:clamp(16.293px, 1.018rem + ((1vw - 3.2px) * 0.907), 25px);\">   \u00c7ocuklar\u0131n \u00e7evrelerini ke\u015ffetme d\u00fcrt\u00fcs\u00fc, kazalara ve tehlikelere yol a\u00e7abilir. Evdeki \u00e7e\u015fitli alanlar, \u00e7ocuklar i\u00e7in potansiyel tehlikelerle doludur.<\/p>\n\n\n\n<p><\/p>\n\n\n\n<p style=\"font-size:clamp(16.293px, 1.018rem + ((1vw - 3.2px) * 0.907), 25px);\">&#8211;\u00a0<strong>\u00c7ocuklar\u0131n Merakl\u0131 Yap\u0131s\u0131 ve Ke\u015fif \u0130htiyac\u0131<\/strong>: \u00c7ocuklar do\u011falar\u0131 gere\u011fi merakl\u0131d\u0131rlar. Bu ke\u015fif s\u00fcreci, onlar\u0131 potansiyel tehlikelere maruz b\u0131rakabilir. <\/p>\n\n\n\n<p style=\"font-size:clamp(16.293px, 1.018rem + ((1vw - 3.2px) * 0.907), 25px);\">   Kilitler, \u00e7ocuklar\u0131n bu tehlikelere ula\u015fmas\u0131n\u0131 engellemeyi ama\u00e7lar.<\/p>\n\n\n\n<p><\/p>\n\n\n\n<p style=\"font-size:clamp(16.293px, 1.018rem + ((1vw - 3.2px) * 0.907), 25px);\">&#8211;\u00a0<strong>Ev Kazalar\u0131: \u00c7ocuklar \u0130\u00e7in En Yayg\u0131n Tehlikeler<\/strong>: Ev kazalar\u0131, \u00e7ocuklar i\u00e7in \u00e7ok yayg\u0131n ve ciddi tehlikeler olu\u015fturur. <\/p>\n\n\n\n<p style=\"font-size:clamp(16.293px, 1.018rem + ((1vw - 3.2px) * 0.907), 25px);\">   B\u0131\u00e7aklar, ila\u00e7lar, temizlik malzemeleri gibi nesneler, evdeki tehlikeler aras\u0131nda yer al\u0131r.<\/p>\n\n\n\n<p><\/p>\n\n\n\n<p style=\"font-size:clamp(16.293px, 1.018rem + ((1vw - 3.2px) * 0.907), 25px);\">&#8211;\u00a0<strong>\u00c7ocuk G\u00fcvenli\u011fi ve Kilitlerin Rol\u00fc<\/strong>: \u00c7ocuk g\u00fcvenli\u011fini sa\u011flamak i\u00e7in al\u0131nacak \u00f6nlemler aras\u0131nda \u00e7ocuk kilitleri kritik bir yer tutar. <\/p>\n\n\n\n<p style=\"font-size:clamp(16.293px, 1.018rem + ((1vw - 3.2px) * 0.907), 25px);\">   Bu ba\u015fl\u0131k alt\u0131nda, \u00e7ocuk kilitlerinin \u00e7ocuk g\u00fcvenli\u011findeki rol\u00fc a\u00e7\u0131klan\u0131r.<\/p>\n","protected":false},"excerpt":{"rendered":"<p>\u00c7ocuklar\u0131n g\u00fcvenli\u011fi\u00a0konusu, her ebeveynin ilk \u00f6nceli\u011fidir, bu nedenle yaz\u0131n\u0131n ba\u015f\u0131nda bu ihtiyac\u0131 vurgulamak \u00f6nemlidir. \u00c7ocuklar\u0131n \u00e7evrelerini ke\u015ffetme d\u00fcrt\u00fcs\u00fc, kazalara ve tehlikelere yol a\u00e7abilir. Evdeki \u00e7e\u015fitli alanlar, \u00e7ocuklar i\u00e7in potansiyel tehlikelerle doludur. &#8211;\u00a0\u00c7ocuklar\u0131n Merakl\u0131 Yap\u0131s\u0131 ve Ke\u015fif \u0130htiyac\u0131: \u00c7ocuklar do\u011falar\u0131 gere\u011fi merakl\u0131d\u0131rlar. Bu ke\u015fif s\u00fcreci, onlar\u0131 potansiyel tehlikelere maruz b\u0131rakabilir. Kilitler, \u00e7ocuklar\u0131n bu tehlikelere ula\u015fmas\u0131n\u0131 engellemeyi [&hellip;]<\/p>\n","protected":false},"author":1,"featured_media":0,"parent":0,"menu_order":0,"comment_status":"closed","ping_status":"closed","template":"","meta":{"footnotes":""},"class_list":["post-140","page","type-page","status-publish","hentry"],"_links":{"self":[{"href":"https:\/\/cocukkilidi.net\/index.php?rest_route=\/wp\/v2\/pages\/140","targetHints":{"allow":["GET"]}}],"collection":[{"href":"https:\/\/cocukkilidi.net\/index.php?rest_route=\/wp\/v2\/pages"}],"about":[{"href":"https:\/\/cocukkilidi.net\/index.php?rest_route=\/wp\/v2\/types\/page"}],"author":[{"embeddable":true,"href":"https:\/\/cocukkilidi.net\/index.php?rest_route=\/wp\/v2\/users\/1"}],"replies":[{"embeddable":true,"href":"https:\/\/cocukkilidi.net\/index.php?rest_route=%2Fwp%2Fv2%2Fcomments&post=140"}],"version-history":[{"count":1,"href":"https:\/\/cocukkilidi.net\/index.php?rest_route=\/wp\/v2\/pages\/140\/revisions"}],"predecessor-version":[{"id":141,"href":"https:\/\/cocukkilidi.net\/index.php?rest_route=\/wp\/v2\/pages\/140\/revisions\/141"}],"wp:attachment":[{"href":"https:\/\/cocukkilidi.net\/index.php?rest_route=%2Fwp%2Fv2%2Fmedia&parent=140"}],"curies":[{"name":"wp","href":"https:\/\/api.w.org\/{rel}","templated":true}]}}