{"id":134,"date":"2024-12-08T15:19:01","date_gmt":"2024-12-08T15:19:01","guid":{"rendered":"https:\/\/cocukkilidi.net\/?page_id=134"},"modified":"2024-12-08T15:19:18","modified_gmt":"2024-12-08T15:19:18","slug":"cocuk-kilitlerinin-kullanim-amaclari","status":"publish","type":"page","link":"https:\/\/cocukkilidi.net\/?page_id=134","title":{"rendered":"\u00c7ocuk Kilitlerinin Kullan\u0131m Ama\u00e7lar\u0131"},"content":{"rendered":"\n<p style=\"font-size:clamp(16.293px, 1.018rem + ((1vw - 3.2px) * 0.907), 25px);\">   \u00c7ocuk kilitlerinin en temel amac\u0131, \u00e7ocuklar\u0131n tehlikeli b\u00f6lgelere ve nesnelere eri\u015fimini engellemektir. Ancak bu kilitlerin kullan\u0131m ama\u00e7lar\u0131 daha geni\u015f bir yelpazeye yay\u0131lmaktad\u0131r:<\/p>\n\n\n\n<p><\/p>\n\n\n\n<h4 class=\"wp-block-heading has-large-font-size\"><strong>1.\u00a0\u00c7ocuklar\u0131n Tehlikeli E\u015fyalarla Temas\u0131n\u0131 Engellemek<\/strong><\/h4>\n\n\n\n<p style=\"font-size:clamp(16.293px, 1.018rem + ((1vw - 3.2px) * 0.907), 25px);\">   Evdeki baz\u0131 nesneler, \u00e7ocuklar i\u00e7in b\u00fcy\u00fck riskler ta\u015f\u0131r. \u00d6zellikle kesici aletler, kimyasal temizlik \u00fcr\u00fcnleri, ila\u00e7lar ve elektrikli cihazlar, \u00e7ocuklar i\u00e7in son derece tehlikeli olabilir.<\/p>\n\n\n\n<p style=\"font-size:clamp(16.293px, 1.018rem + ((1vw - 3.2px) * 0.907), 25px);\">    \u00c7ocuk kilitleri, bu t\u00fcr nesnelerin bulundu\u011fu alanlar\u0131 kapat\u0131r ve \u00e7ocuklar\u0131n bu e\u015fyalara ula\u015fmas\u0131n\u0131 engeller.<\/p>\n\n\n\n<p><\/p>\n\n\n\n<h4 class=\"wp-block-heading has-large-font-size\"><strong>2.\u00a0Ebeveynlerin Kontrol\u00fcn\u00fc Sa\u011flamak<\/strong><\/h4>\n\n\n\n<p style=\"font-size:clamp(16.293px, 1.018rem + ((1vw - 3.2px) * 0.907), 25px);\">   \u00c7ocuk kilitleri, ebeveynlerin evdeki tehlikeleri daha iyi kontrol etmelerine yard\u0131mc\u0131 olur.<\/p>\n\n\n\n<p style=\"font-size:clamp(16.293px, 1.018rem + ((1vw - 3.2px) * 0.907), 25px);\">   \u00c7ocuklar hen\u00fcz tehlike alg\u0131s\u0131na sahip olmad\u0131klar\u0131 i\u00e7in, onlar\u0131n g\u00fcvenli\u011fini sa\u011flamak \u00e7o\u011fu zaman ebeveynlerin sorumlulu\u011fundad\u0131r. Kilitler, ebeveynlere \u00e7ocuklar\u0131n g\u00fcvende olduklar\u0131ndan emin olma imkan\u0131 tan\u0131r.<\/p>\n\n\n\n<p><\/p>\n\n\n\n<h4 class=\"wp-block-heading has-large-font-size\"><strong>3.\u00a0Evdeki Kazalar\u0131n \u00d6nlenmesi<\/strong><\/h4>\n\n\n\n<p style=\"font-size:clamp(16.293px, 1.018rem + ((1vw - 3.2px) * 0.907), 25px);\">   Evdeki kazalar, genellikle \u00e7ocuklar\u0131n tehlikeli nesnelerle kar\u015f\u0131la\u015ft\u0131\u011f\u0131 anlarda meydana gelir. \u00c7ocuk kilitleri, bu kazalar\u0131n \u00f6nlenmesine yard\u0131mc\u0131 olur.<\/p>\n\n\n\n<p style=\"font-size:clamp(16.293px, 1.018rem + ((1vw - 3.2px) * 0.907), 25px);\">    \u00d6rne\u011fin, mutfak \u00e7ekmecelerine tak\u0131lan kilitler, b\u0131\u00e7aklar\u0131n ve di\u011fer kesici aletlerin \u00e7ocuklar taraf\u0131ndan eri\u015filmesini engeller.<\/p>\n\n\n\n<p><\/p>\n\n\n\n<h4 class=\"wp-block-heading has-large-font-size\"><strong>4.\u00a0\u00c7ocuklar\u0131n Ba\u011f\u0131ms\u0131zl\u0131klar\u0131n\u0131 Ke\u015ffetmelerine Olanak Sa\u011flamak<\/strong><\/h4>\n\n\n\n<p style=\"font-size:clamp(16.293px, 1.018rem + ((1vw - 3.2px) * 0.907), 25px);\">   \u00c7ocuk kilitleri, \u00e7ocuklar\u0131n ke\u015ffetme i\u00e7g\u00fcd\u00fclerini engellemeden g\u00fcvenli bir ortamda hareket etmelerini sa\u011flar. <\/p>\n\n\n\n<p style=\"font-size:clamp(16.293px, 1.018rem + ((1vw - 3.2px) * 0.907), 25px);\">   \u00c7ocuklar, g\u00fcvenli bir ortamda ba\u011f\u0131ms\u0131zl\u0131klar\u0131n\u0131 geli\u015ftirirken, ebeveynler de \u00e7ocuklar\u0131n\u0131n sa\u011fl\u0131\u011f\u0131ndan ve g\u00fcvenli\u011finden emin olabilirler.<\/p>\n","protected":false},"excerpt":{"rendered":"<p>\u00c7ocuk kilitlerinin en temel amac\u0131, \u00e7ocuklar\u0131n tehlikeli b\u00f6lgelere ve nesnelere eri\u015fimini engellemektir. Ancak bu kilitlerin kullan\u0131m ama\u00e7lar\u0131 daha geni\u015f bir yelpazeye yay\u0131lmaktad\u0131r: 1.\u00a0\u00c7ocuklar\u0131n Tehlikeli E\u015fyalarla Temas\u0131n\u0131 Engellemek Evdeki baz\u0131 nesneler, \u00e7ocuklar i\u00e7in b\u00fcy\u00fck riskler ta\u015f\u0131r. \u00d6zellikle kesici aletler, kimyasal temizlik \u00fcr\u00fcnleri, ila\u00e7lar ve elektrikli cihazlar, \u00e7ocuklar i\u00e7in son derece tehlikeli olabilir. \u00c7ocuk kilitleri, bu t\u00fcr [&hellip;]<\/p>\n","protected":false},"author":1,"featured_media":0,"parent":131,"menu_order":0,"comment_status":"closed","ping_status":"closed","template":"","meta":{"footnotes":""},"class_list":["post-134","page","type-page","status-publish","hentry"],"_links":{"self":[{"href":"https:\/\/cocukkilidi.net\/index.php?rest_route=\/wp\/v2\/pages\/134","targetHints":{"allow":["GET"]}}],"collection":[{"href":"https:\/\/cocukkilidi.net\/index.php?rest_route=\/wp\/v2\/pages"}],"about":[{"href":"https:\/\/cocukkilidi.net\/index.php?rest_route=\/wp\/v2\/types\/page"}],"author":[{"embeddable":true,"href":"https:\/\/cocukkilidi.net\/index.php?rest_route=\/wp\/v2\/users\/1"}],"replies":[{"embeddable":true,"href":"https:\/\/cocukkilidi.net\/index.php?rest_route=%2Fwp%2Fv2%2Fcomments&post=134"}],"version-history":[{"count":1,"href":"https:\/\/cocukkilidi.net\/index.php?rest_route=\/wp\/v2\/pages\/134\/revisions"}],"predecessor-version":[{"id":136,"href":"https:\/\/cocukkilidi.net\/index.php?rest_route=\/wp\/v2\/pages\/134\/revisions\/136"}],"up":[{"embeddable":true,"href":"https:\/\/cocukkilidi.net\/index.php?rest_route=\/wp\/v2\/pages\/131"}],"wp:attachment":[{"href":"https:\/\/cocukkilidi.net\/index.php?rest_route=%2Fwp%2Fv2%2Fmedia&parent=134"}],"curies":[{"name":"wp","href":"https:\/\/api.w.org\/{rel}","templated":true}]}}