{"id":131,"date":"2024-12-08T15:14:29","date_gmt":"2024-12-08T15:14:29","guid":{"rendered":"https:\/\/cocukkilidi.net\/?page_id=131"},"modified":"2024-12-08T15:14:56","modified_gmt":"2024-12-08T15:14:56","slug":"cocuk-kilitleri-ebeveynlerin-guvenligi-saglamak-icin-kullandiklari-vazgecilmez-araclar","status":"publish","type":"page","link":"https:\/\/cocukkilidi.net\/?page_id=131","title":{"rendered":"\u00c7ocuk Kilitleri: Ebeveynlerin G\u00fcvenli\u011fi Sa\u011flamak \u0130\u00e7in Kulland\u0131klar\u0131 Vazge\u00e7ilmez Ara\u00e7lar"},"content":{"rendered":"\n<p style=\"font-size:clamp(16.293px, 1.018rem + ((1vw - 3.2px) * 0.907), 25px);\">    Ebeveynler i\u00e7in \u00e7ocuklar\u0131n\u0131n g\u00fcvenli\u011fi her zaman \u00f6ncelikli olmal\u0131d\u0131r. \u00c7ocuklar, do\u011fal meraklar\u0131 nedeniyle \u00e7evrelerinde g\u00f6rd\u00fckleri her \u015feyi ke\u015ffetme arzusuyla hareket ederler. <\/p>\n\n\n\n<p style=\"font-size:clamp(16.293px, 1.018rem + ((1vw - 3.2px) * 0.907), 25px);\">   Bu, onlar\u0131n \u00f6\u011frenme ve geli\u015fim s\u00fcre\u00e7lerinin \u00f6nemli bir par\u00e7as\u0131d\u0131r, ancak ayn\u0131 zamanda onlar\u0131 \u00e7e\u015fitli tehlikelere kar\u015f\u0131 savunmas\u0131z hale getirebilir. <\/p>\n\n\n\n<p style=\"font-size:clamp(16.293px, 1.018rem + ((1vw - 3.2px) * 0.907), 25px);\">   Evdeki tehlikeli nesneler ve alanlar, \u00e7ocuklar i\u00e7in ciddi riskler olu\u015fturabilir. \u00c7ocuk kilitleri, i\u015fte bu noktada devreye girerek, \u00e7ocuklar\u0131n bu tehlikelerle kar\u015f\u0131la\u015fmalar\u0131n\u0131 engellemeyi ama\u00e7layan \u00f6nemli g\u00fcvenlik ara\u00e7lar\u0131d\u0131r. <\/p>\n\n\n\n<p style=\"font-size:clamp(16.293px, 1.018rem + ((1vw - 3.2px) * 0.907), 25px);\"><\/p>\n\n\n\n<p style=\"font-size:clamp(16.293px, 1.018rem + ((1vw - 3.2px) * 0.907), 25px);\">    Bu makale, \u00e7ocuk kilitlerinin\u00a0<strong>\u00f6nemini<\/strong>,\u00a0<strong>kullan\u0131m yerlerini<\/strong>,\u00a0<strong>kullan\u0131m ama\u00e7lar\u0131n\u0131<\/strong>,\u00a0<strong>neden kullan\u0131ld\u0131klar\u0131n\u0131<\/strong>\u00a0ve\u00a0<strong>\u00e7ocuk g\u00fcvenli\u011fi<\/strong>\u00a0a\u00e7\u0131s\u0131ndan neden vazge\u00e7ilmez olduklar\u0131n\u0131 derinlemesine incelemektedir.<\/p>\n\n\n\n<p><\/p>\n\n\n\n<h3 class=\"wp-block-heading has-large-font-size\"><strong>\u00c7ocuk Kilitlerinin \u00d6nemi<\/strong><\/h3>\n\n\n\n<p style=\"font-size:clamp(16.293px, 1.018rem + ((1vw - 3.2px) * 0.907), 25px);\">   \u00c7ocuklar, \u00f6zellikle k\u00fc\u00e7\u00fck ya\u015flarda \u00e7evrelerini ke\u015ffetmeye ba\u015flad\u0131klar\u0131nda, neyin tehlikeli oldu\u011funu anlamazlar. Ebeveynler, \u00e7ocuklar\u0131n\u0131n g\u00fcvenli\u011fini sa\u011flamak amac\u0131yla \u00e7e\u015fitli g\u00fcvenlik \u00f6nlemleri al\u0131rlar. <\/p>\n\n\n\n<p style=\"font-size:clamp(16.293px, 1.018rem + ((1vw - 3.2px) * 0.907), 25px);\">   Bunlardan en yayg\u0131n ve etkili y\u00f6ntemlerden biri,\u00a0<strong>\u00e7ocuk kilitleri<\/strong>\u00a0kullanmakt\u0131r. \u00c7ocuk kilitlerinin \u00f6nemi birka\u00e7 a\u00e7\u0131dan ele al\u0131nabilir:<\/p>\n\n\n\n<p><\/p>\n\n\n\n<h4 class=\"wp-block-heading has-large-font-size\"><strong> <\/strong> <strong>1.\u00a0\u00c7ocuklar\u0131n Merakl\u0131 Yap\u0131lar\u0131 ve Ke\u015fif \u0130htiyac\u0131<\/strong><\/h4>\n\n\n\n<p style=\"font-size:clamp(16.293px, 1.018rem + ((1vw - 3.2px) * 0.907), 25px);\">   \u00c7ocuklar, \u00f6zellikle 1-4 ya\u015flar\u0131 aras\u0131nda, \u00e7ok h\u0131zl\u0131 bir \u015fekilde \u00e7evrelerini ke\u015ffetmeye ba\u015flarlar. Her \u015feyi elleriyle ke\u015ffeder, bu s\u00fcre\u00e7 bazen kazalara ve yaralanmalara yol a\u00e7abilir. <\/p>\n\n\n\n<p style=\"font-size:clamp(16.293px, 1.018rem + ((1vw - 3.2px) * 0.907), 25px);\">   \u00c7ocuk kilitleri, evdeki tehlikeli alanlar\u0131 ve nesneleri \u00e7ocuklardan uzak tutarak, ebeveynlere rahat bir zihin sa\u011flar.<\/p>\n\n\n\n<p><\/p>\n\n\n\n<h4 class=\"wp-block-heading has-large-font-size\"><strong>2.\u00a0Ev Kazalar\u0131n\u0131n Azalt\u0131lmas\u0131<\/strong><\/h4>\n\n\n\n<p style=\"font-size:clamp(16.293px, 1.018rem + ((1vw - 3.2px) * 0.907), 25px);\">   Ev kazalar\u0131, \u00e7ocuklar\u0131n en \u00e7ok kar\u015f\u0131la\u015ft\u0131\u011f\u0131 risklerden biridir. Her y\u0131l d\u00fcnya genelinde binlerce \u00e7ocuk, evdeki kazalar nedeniyle hastaneye ba\u015fvurur. <\/p>\n\n\n\n<p style=\"font-size:clamp(16.293px, 1.018rem + ((1vw - 3.2px) * 0.907), 25px);\">   \u00c7ocuk kilitleri, \u00f6zellikle b\u0131\u00e7aklar, temizlik malzemeleri, ila\u00e7lar gibi tehlikeli nesnelere eri\u015fimi engelleyerek bu kazalar\u0131n \u00f6n\u00fcne ge\u00e7er.<\/p>\n\n\n\n<p><\/p>\n\n\n\n<h4 class=\"wp-block-heading has-large-font-size\">3.&nbsp;<strong>Ebeveynlerin G\u00fcvenlik Endi\u015felerinin Azalt\u0131lmas\u0131<\/strong><\/h4>\n\n\n\n<p style=\"font-size:clamp(16.293px, 1.018rem + ((1vw - 3.2px) * 0.907), 25px);\">   Ebeveynler, \u00e7ocuklar\u0131n\u0131 g\u00fcvende tutmak i\u00e7in her zaman dikkatli olmak zorundad\u0131r. Ancak \u00e7ocuk kilitleri, ebeveynlerin evdeki tehlikeli b\u00f6lgeleri ve nesneleri daha kolay kontrol etmelerine olanak tan\u0131r. <\/p>\n\n\n\n<p style=\"font-size:clamp(16.293px, 1.018rem + ((1vw - 3.2px) * 0.907), 25px);\">   Bu da onlar\u0131n endi\u015felerini azalt\u0131r ve daha rahat bir ortamda ya\u015famalar\u0131n\u0131 sa\u011flar.<\/p>\n\n\n\n<p><\/p>\n\n\n\n<h3 class=\"wp-block-heading has-large-font-size\"><strong>\u00c7ocuk Kilitlerinin Kullan\u0131m Yerleri<\/strong><\/h3>\n\n\n\n<p style=\"font-size:clamp(16.293px, 1.018rem + ((1vw - 3.2px) * 0.907), 25px);\">   \u00c7ocuk kilitleri, evdeki \u00e7e\u015fitli alanlarda kullan\u0131labilir. Her alan\u0131n farkl\u0131 g\u00fcvenlik gereksinimleri vard\u0131r ve bu gereksinimler do\u011frultusunda uygun kilitler se\u00e7ilmelidir. En yayg\u0131n kullan\u0131m yerleri \u015funlard\u0131r:<\/p>\n\n\n\n<p><\/p>\n\n\n\n<h4 class=\"wp-block-heading has-large-font-size\">1.&nbsp;<strong>Mutfak<\/strong><\/h4>\n\n\n\n<p style=\"font-size:clamp(16.293px, 1.018rem + ((1vw - 3.2px) * 0.907), 25px);\">   Mutfak, \u00e7ocuklar i\u00e7in evdeki en tehlikeli alanlardan biridir. Burada kesici aletler, s\u0131cak ocaklar, f\u0131r\u0131nlar ve temizlik kimyasallar\u0131 gibi pek \u00e7ok tehlike bulunmaktad\u0131r. <\/p>\n\n\n\n<p style=\"font-size:clamp(16.293px, 1.018rem + ((1vw - 3.2px) * 0.907), 25px);\">   \u00c7ocuk kilitleri, mutfak \u00e7ekmecelerine ve dolaplar\u0131na tak\u0131larak, \u00e7ocuklar\u0131n bu tehlikeli ara\u00e7lara ula\u015fmas\u0131n\u0131 engeller. Ayr\u0131ca, ocak ve f\u0131r\u0131n gibi b\u00fcy\u00fck cihazlar i\u00e7in de g\u00fcvenlik kapaklar\u0131 kullan\u0131labilir.<\/p>\n\n\n\n<p><\/p>\n\n\n\n<h4 class=\"wp-block-heading has-large-font-size\">2.&nbsp;<strong>Banyo<\/strong><\/h4>\n\n\n\n<p style=\"font-size:clamp(16.293px, 1.018rem + ((1vw - 3.2px) * 0.907), 25px);\">   Banyoda da \u00e7ocuklar i\u00e7in \u00e7e\u015fitli tehlikeler bulunmaktad\u0131r. \u015eampuanlar, sabunlar, ila\u00e7lar, temizleme \u00fcr\u00fcnleri ve s\u0131cak su, \u00e7ocuklar\u0131n ciddi \u015fekilde zarar g\u00f6rmesine yol a\u00e7abilir. Banyo dolaplar\u0131na yerle\u015ftirilen \u00e7ocuk kilitleri, bu tehlikeli maddelere eri\u015fimi engeller. <\/p>\n\n\n\n<p style=\"font-size:clamp(16.293px, 1.018rem + ((1vw - 3.2px) * 0.907), 25px);\">   Ayr\u0131ca, banyo pencerelerine tak\u0131lacak kilitler, \u00e7ocuklar\u0131n d\u0131\u015far\u0131ya \u00e7\u0131kmalar\u0131n\u0131 engelleyebilir.<\/p>\n\n\n\n<p><\/p>\n\n\n\n<h4 class=\"wp-block-heading has-large-font-size\">3.&nbsp;<strong>Yatak Odas\u0131<\/strong><\/h4>\n\n\n\n<p style=\"font-size:clamp(16.293px, 1.018rem + ((1vw - 3.2px) * 0.907), 25px);\">   Yatak odas\u0131nda, \u00f6zellikle ila\u00e7lar ve kesici aletler gibi tehlikeli nesneler bulunabilir. Ayr\u0131ca, baz\u0131 \u00e7ocuklar odalar\u0131ndaki \u00e7ekmecelere ula\u015fmaya \u00e7al\u0131\u015fabilir ve bu da kazalara yol a\u00e7abilir. <\/p>\n\n\n\n<p style=\"font-size:clamp(16.293px, 1.018rem + ((1vw - 3.2px) * 0.907), 25px);\">   Yatak odas\u0131nda yer alan dolaplara ve \u00e7ekmecelere tak\u0131lan kilitler, \u00e7ocuklar\u0131n bu nesnelerle etkile\u015fim kurmalar\u0131n\u0131 engeller.<\/p>\n\n\n\n<p><\/p>\n\n\n\n<h4 class=\"wp-block-heading has-large-font-size\">4.&nbsp;<strong>Kap\u0131 ve Pencereler<\/strong><\/h4>\n\n\n\n<p style=\"font-size:clamp(16.293px, 1.018rem + ((1vw - 3.2px) * 0.907), 25px);\">   Kap\u0131lar ve pencereler, \u00f6zellikle balkon gibi y\u00fcksek alanlara a\u00e7\u0131lan kap\u0131lar, \u00e7ocuklar i\u00e7in ciddi bir tehlike olu\u015fturabilir. \u00c7ocuklar, bu kap\u0131 ve pencerelere kolayca ula\u015fabilir, d\u00fc\u015febilir ya da d\u0131\u015far\u0131ya ka\u00e7abilirler.<\/p>\n\n\n\n<p style=\"font-size:clamp(16.293px, 1.018rem + ((1vw - 3.2px) * 0.907), 25px);\">    \u00c7ocuk kilitleri, balkon kap\u0131lar\u0131na ve pencerelere tak\u0131larak, \u00e7ocuklar\u0131n bu tehlikeli alanlara giri\u015fini engeller.<\/p>\n\n\n\n<p><\/p>\n\n\n\n<h4 class=\"wp-block-heading has-large-font-size\">5.&nbsp;<strong>Merdivenler<\/strong><\/h4>\n\n\n\n<p style=\"font-size:clamp(16.293px, 1.018rem + ((1vw - 3.2px) * 0.907), 25px);\">   Evdeki merdivenler, \u00f6zellikle k\u00fc\u00e7\u00fck \u00e7ocuklar i\u00e7in \u00e7ok b\u00fcy\u00fck bir risk olu\u015fturur. D\u00fc\u015fmeler, ciddi yaralanmalara yol a\u00e7abilir. <\/p>\n\n\n\n<p style=\"font-size:clamp(16.293px, 1.018rem + ((1vw - 3.2px) * 0.907), 25px);\">   Merdivenlerin \u00fcst ve alt k\u0131sm\u0131na tak\u0131lan \u00e7ocuk g\u00fcvenlik kapaklar\u0131, \u00e7ocuklar\u0131n merdivenlere eri\u015fmesini engeller ve olas\u0131 kazalar\u0131 \u00f6nler.<\/p>\n","protected":false},"excerpt":{"rendered":"<p>Ebeveynler i\u00e7in \u00e7ocuklar\u0131n\u0131n g\u00fcvenli\u011fi her zaman \u00f6ncelikli olmal\u0131d\u0131r. \u00c7ocuklar, do\u011fal meraklar\u0131 nedeniyle \u00e7evrelerinde g\u00f6rd\u00fckleri her \u015feyi ke\u015ffetme arzusuyla hareket ederler. Bu, onlar\u0131n \u00f6\u011frenme ve geli\u015fim s\u00fcre\u00e7lerinin \u00f6nemli bir par\u00e7as\u0131d\u0131r, ancak ayn\u0131 zamanda onlar\u0131 \u00e7e\u015fitli tehlikelere kar\u015f\u0131 savunmas\u0131z hale getirebilir. Evdeki tehlikeli nesneler ve alanlar, \u00e7ocuklar i\u00e7in ciddi riskler olu\u015fturabilir. \u00c7ocuk kilitleri, i\u015fte bu noktada devreye [&hellip;]<\/p>\n","protected":false},"author":1,"featured_media":0,"parent":0,"menu_order":0,"comment_status":"closed","ping_status":"closed","template":"","meta":{"footnotes":""},"class_list":["post-131","page","type-page","status-publish","hentry"],"_links":{"self":[{"href":"https:\/\/cocukkilidi.net\/index.php?rest_route=\/wp\/v2\/pages\/131","targetHints":{"allow":["GET"]}}],"collection":[{"href":"https:\/\/cocukkilidi.net\/index.php?rest_route=\/wp\/v2\/pages"}],"about":[{"href":"https:\/\/cocukkilidi.net\/index.php?rest_route=\/wp\/v2\/types\/page"}],"author":[{"embeddable":true,"href":"https:\/\/cocukkilidi.net\/index.php?rest_route=\/wp\/v2\/users\/1"}],"replies":[{"embeddable":true,"href":"https:\/\/cocukkilidi.net\/index.php?rest_route=%2Fwp%2Fv2%2Fcomments&post=131"}],"version-history":[{"count":1,"href":"https:\/\/cocukkilidi.net\/index.php?rest_route=\/wp\/v2\/pages\/131\/revisions"}],"predecessor-version":[{"id":133,"href":"https:\/\/cocukkilidi.net\/index.php?rest_route=\/wp\/v2\/pages\/131\/revisions\/133"}],"wp:attachment":[{"href":"https:\/\/cocukkilidi.net\/index.php?rest_route=%2Fwp%2Fv2%2Fmedia&parent=131"}],"curies":[{"name":"wp","href":"https:\/\/api.w.org\/{rel}","templated":true}]}}