{"id":120,"date":"2024-11-24T14:28:04","date_gmt":"2024-11-24T14:28:04","guid":{"rendered":"https:\/\/cocukkilidi.net\/?page_id=120"},"modified":"2024-11-24T14:28:14","modified_gmt":"2024-11-24T14:28:14","slug":"teslimat-kosullari","status":"publish","type":"page","link":"https:\/\/cocukkilidi.net\/?page_id=120","title":{"rendered":"Teslimat Ko\u015fullar\u0131"},"content":{"rendered":"\n<p><\/p>\n\n\n\n<p><\/p>\n\n\n\n<p><\/p>\n\n\n\n<p class=\"has-text-align-center\" style=\"font-size:clamp(14.642px, 0.915rem + ((1vw - 3.2px) * 0.766), 22px);\"><strong>Sipari\u015finiz, hafta i\u00e7i saat 15:00 \u00f6ncesinde ise ayn\u0131 g\u00fcn \u00a0(Cumartesi g\u00fcnleri saat 12:00&#8217;a kadar) kargoya teslim edilir.<br><\/strong><br><strong>Teslimat adresinin\u00a0\u0130stanbul&#8217;a\u00a0uzakl\u0131\u011f\u0131na g\u00f6re de kargo \u015firketi 1-3 g\u00fcn i\u00e7erisinde sipari\u015finizi size ula\u015ft\u0131racakt\u0131r.<\/strong><\/p>\n\n\n\n<p><\/p>\n\n\n\n<p class=\"has-text-align-center\" style=\"font-size:clamp(14.642px, 0.915rem + ((1vw - 3.2px) * 0.766), 22px);\"><strong>Pazar g\u00fcnleri, Bayram, tatil g\u00fcnlerinde kargo firmalar\u0131 \u00e7al\u0131\u015fmad\u0131klar\u0131ndan dolay\u0131 kargo \u00e7\u0131k\u0131\u015flar\u0131 ve teslimat yap\u0131lmamaktad\u0131r<\/strong>.<\/p>\n\n\n\n<p><\/p>\n\n\n\n<p class=\"has-text-align-center\" style=\"font-size:clamp(14.642px, 0.915rem + ((1vw - 3.2px) * 0.766), 22px);\"><strong>Se\u00e7ti\u011finiz \u00fcr\u00fcnlerin tamam\u0131 anla\u015fmal\u0131 oldu\u011fumuz kargo \u015firketleri taraf\u0131ndan <em>Bebek \u015eehri<\/em>\u00a0garantisi ile size teslim edilecektir.<\/strong><\/p>\n\n\n\n<p><\/p>\n\n\n\n<p class=\"has-text-align-center\" style=\"font-size:clamp(14.642px, 0.915rem + ((1vw - 3.2px) * 0.766), 22px);\"><strong>Sat\u0131n ald\u0131\u011f\u0131n\u0131z \u00fcr\u00fcnler size e-posta ile ayr\u0131ca kargolama a\u015famalar\u0131 yine e-posta ve sms ile taraf\u0131n\u0131za bildirilir.\u00a0<\/strong><\/p>\n","protected":false},"excerpt":{"rendered":"<p>Sipari\u015finiz, hafta i\u00e7i saat 15:00 \u00f6ncesinde ise ayn\u0131 g\u00fcn \u00a0(Cumartesi g\u00fcnleri saat 12:00&#8217;a kadar) kargoya teslim edilir.Teslimat adresinin\u00a0\u0130stanbul&#8217;a\u00a0uzakl\u0131\u011f\u0131na g\u00f6re de kargo \u015firketi 1-3 g\u00fcn i\u00e7erisinde sipari\u015finizi size ula\u015ft\u0131racakt\u0131r. Pazar g\u00fcnleri, Bayram, tatil g\u00fcnlerinde kargo firmalar\u0131 \u00e7al\u0131\u015fmad\u0131klar\u0131ndan dolay\u0131 kargo \u00e7\u0131k\u0131\u015flar\u0131 ve teslimat yap\u0131lmamaktad\u0131r. Se\u00e7ti\u011finiz \u00fcr\u00fcnlerin tamam\u0131 anla\u015fmal\u0131 oldu\u011fumuz kargo \u015firketleri taraf\u0131ndan Bebek \u015eehri\u00a0garantisi ile size teslim [&hellip;]<\/p>\n","protected":false},"author":1,"featured_media":0,"parent":78,"menu_order":0,"comment_status":"closed","ping_status":"closed","template":"","meta":{"footnotes":""},"class_list":["post-120","page","type-page","status-publish","hentry"],"_links":{"self":[{"href":"https:\/\/cocukkilidi.net\/index.php?rest_route=\/wp\/v2\/pages\/120","targetHints":{"allow":["GET"]}}],"collection":[{"href":"https:\/\/cocukkilidi.net\/index.php?rest_route=\/wp\/v2\/pages"}],"about":[{"href":"https:\/\/cocukkilidi.net\/index.php?rest_route=\/wp\/v2\/types\/page"}],"author":[{"embeddable":true,"href":"https:\/\/cocukkilidi.net\/index.php?rest_route=\/wp\/v2\/users\/1"}],"replies":[{"embeddable":true,"href":"https:\/\/cocukkilidi.net\/index.php?rest_route=%2Fwp%2Fv2%2Fcomments&post=120"}],"version-history":[{"count":1,"href":"https:\/\/cocukkilidi.net\/index.php?rest_route=\/wp\/v2\/pages\/120\/revisions"}],"predecessor-version":[{"id":122,"href":"https:\/\/cocukkilidi.net\/index.php?rest_route=\/wp\/v2\/pages\/120\/revisions\/122"}],"up":[{"embeddable":true,"href":"https:\/\/cocukkilidi.net\/index.php?rest_route=\/wp\/v2\/pages\/78"}],"wp:attachment":[{"href":"https:\/\/cocukkilidi.net\/index.php?rest_route=%2Fwp%2Fv2%2Fmedia&parent=120"}],"curies":[{"name":"wp","href":"https:\/\/api.w.org\/{rel}","templated":true}]}}