{"id":115,"date":"2024-11-24T14:18:25","date_gmt":"2024-11-24T14:18:25","guid":{"rendered":"https:\/\/cocukkilidi.net\/?page_id=115"},"modified":"2024-11-24T14:18:45","modified_gmt":"2024-11-24T14:18:45","slug":"kilit-turleri","status":"publish","type":"page","link":"https:\/\/cocukkilidi.net\/?page_id=115","title":{"rendered":"Kilit T\u00fcrleri"},"content":{"rendered":"\n<p><\/p>\n\n\n\n<p class=\"has-text-align-center\" style=\"font-size:clamp(14.642px, 0.915rem + ((1vw - 3.2px) * 0.766), 22px);\"><strong>Merakl\u0131 K\u00fc\u00e7\u00fck Eller \u0130\u00e7in G\u00fcvenli Bir Ortam<\/strong><\/p>\n\n\n\n<p style=\"font-size:clamp(14px, 0.875rem + ((1vw - 3.2px) * 0.417), 18px);\">Bebeklerin ve k\u00fc\u00e7\u00fck \u00e7ocuklar\u0131n d\u00fcnyay\u0131 ke\u015ffetme arzusu, onlar\u0131n her \u015feye dokunmak ve incelemek istemesine neden olur. Bu durum, ev i\u00e7indeki \u00e7ekmece ve dolaplar\u0131n i\u00e7eri\u011fini merak etmelerine ve ula\u015fmaya \u00e7al\u0131\u015fmalar\u0131na yol a\u00e7ar. Bu durum hem \u00e7ocuklar\u0131n g\u00fcvenli\u011fi hem de evdeki d\u00fczenin korunmas\u0131 a\u00e7\u0131s\u0131ndan \u00f6nemli bir sorun olabilir. \u0130\u015fte bu noktada, \u00e7ekmece ve dolap kilitleri devreye girerek, ebeveynlere pratik ve etkili bir \u00e7\u00f6z\u00fcm sunar.<\/p>\n\n\n\n<p><\/p>\n\n\n\n<p><\/p>\n\n\n\n<figure class=\"wp-block-image aligncenter is-resized\"><img loading=\"lazy\" decoding=\"async\" width=\"246\" height=\"202\" src=\"https:\/\/cocukkilidi.net\/wp-content\/uploads\/2024\/09\/814730_bebek-kilitleri-kullanmak-faydali-midir.jpg\" alt=\"\" class=\"wp-image-11\" style=\"width:351px;height:auto\"\/><\/figure>\n\n\n\n<p><\/p>\n\n\n\n<p><\/p>\n\n\n\n<h2 class=\"wp-block-heading has-text-align-center\"><strong>Neden \u00c7ekmece ve Dolap Kilitlerine \u0130htiya\u00e7 Duyulur?<\/strong><\/h2>\n\n\n\n<p><\/p>\n\n\n\n<p style=\"font-size:clamp(14px, 0.875rem + ((1vw - 3.2px) * 0.417), 18px);\"><strong>G\u00fcvenlik:<\/strong>&nbsp;\u00c7ekmecelerde ve dolaplarda bulunan temizlik \u00fcr\u00fcnleri, ila\u00e7lar, kesici aletler gibi tehlikeli maddeler, k\u00fc\u00e7\u00fck \u00e7ocuklar\u0131n eri\u015fimine a\u00e7\u0131k oldu\u011funda ciddi kazalara neden olabilir. Kilitler, bu t\u00fcr riskleri en aza indirerek \u00e7ocu\u011funuzun g\u00fcvenli\u011fini sa\u011flar.<\/p>\n\n\n\n<p style=\"font-size:clamp(14px, 0.875rem + ((1vw - 3.2px) * 0.417), 18px);\"><strong>D\u00fczen:<\/strong>&nbsp;\u00c7ocuklar\u0131n \u00e7ekmeceleri kar\u0131\u015ft\u0131rmas\u0131, evdeki d\u00fczeni bozar ve zaman kayb\u0131na neden olur. Kilitler, \u00e7ekmecelerin d\u00fczenli kalmas\u0131na yard\u0131mc\u0131 olur.<\/p>\n\n\n\n<p style=\"font-size:clamp(14px, 0.875rem + ((1vw - 3.2px) * 0.417), 18px);\"><strong>Huzur:<\/strong>&nbsp;\u00c7ocu\u011funuzun s\u00fcrekli olarak yasaklanan \u015feylere ula\u015fmaya \u00e7al\u0131\u015fmas\u0131, hem sizin hem de onun i\u00e7in stresli bir durum yaratabilir. Kilitler, bu t\u00fcr gerginlikleri azaltarak daha huzurlu bir ortam sa\u011flar<\/p>\n\n\n\n<p><\/p>\n\n\n\n<p><\/p>\n\n\n\n<h2 class=\"wp-block-heading has-text-align-center\"><strong>\u00c7ekmece ve Dolap Kilitlerinin \u00c7e\u015fitleri<\/strong><\/h2>\n\n\n\n<p><\/p>\n\n\n\n<p style=\"font-size:clamp(14px, 0.875rem + ((1vw - 3.2px) * 0.417), 18px);\"><strong>Basit Kilitler:<\/strong>&nbsp;Sadece bir anahtar veya d\u00fc\u011fme ile a\u00e7\u0131lan, kullan\u0131m\u0131 kolay kilitlerdir.<\/p>\n\n\n\n<p style=\"font-size:clamp(14px, 0.875rem + ((1vw - 3.2px) * 0.417), 18px);\"><strong>Manyetik Kilitler:<\/strong>&nbsp;Kolayca tak\u0131l\u0131p \u00e7\u0131kar\u0131labilir ve genellikle \u00e7ocuklar\u0131n eri\u015femeyece\u011fi yerlere monte edilir.<\/p>\n\n\n\n<p style=\"font-size:clamp(14px, 0.875rem + ((1vw - 3.2px) * 0.417), 18px);\"><strong>\u015eifreli Kilitler:<\/strong>&nbsp;Daha geli\u015fmi\u015f bir g\u00fcvenlik sistemi sunar ve \u015fifrenin sadece yeti\u015fkinler taraf\u0131ndan bilinmesi gerekir.<\/p>\n\n\n\n<p style=\"font-size:clamp(14px, 0.875rem + ((1vw - 3.2px) * 0.417), 18px);\"><strong>Tu\u015flu Kilitler:<\/strong>&nbsp;\u00c7ocuklar\u0131n tu\u015flara basarak kilidi a\u00e7mas\u0131n\u0131 engellemek i\u00e7in tasarlanm\u0131\u015ft\u0131r.<\/p>\n\n\n\n<p style=\"font-size:clamp(14px, 0.875rem + ((1vw - 3.2px) * 0.417), 18px);\"><\/p>\n\n\n\n<p><\/p>\n\n\n\n<figure class=\"wp-block-image aligncenter\"><img loading=\"lazy\" decoding=\"async\" width=\"400\" height=\"400\" src=\"https:\/\/cocukkilidi.net\/wp-content\/uploads\/2024\/09\/evokids-cekmece-guvenlik-kilidi-6445-guvenlik-kilidi-evokids-11462-64-O.jpg\" alt=\"\" class=\"wp-image-15\" srcset=\"https:\/\/cocukkilidi.net\/wp-content\/uploads\/2024\/09\/evokids-cekmece-guvenlik-kilidi-6445-guvenlik-kilidi-evokids-11462-64-O.jpg 400w, https:\/\/cocukkilidi.net\/wp-content\/uploads\/2024\/09\/evokids-cekmece-guvenlik-kilidi-6445-guvenlik-kilidi-evokids-11462-64-O-300x300.jpg 300w, https:\/\/cocukkilidi.net\/wp-content\/uploads\/2024\/09\/evokids-cekmece-guvenlik-kilidi-6445-guvenlik-kilidi-evokids-11462-64-O-150x150.jpg 150w\" sizes=\"auto, (max-width: 400px) 100vw, 400px\" \/><\/figure>\n\n\n\n<p><\/p>\n\n\n\n<p><\/p>\n\n\n\n<h2 class=\"wp-block-heading has-text-align-center\"><strong>\u00c7ekmece ve Dolap Kilitleri Se\u00e7erken Nelere Dikkat Edilmeli?<\/strong><\/h2>\n\n\n\n<p><\/p>\n\n\n\n<p style=\"font-size:clamp(14px, 0.875rem + ((1vw - 3.2px) * 0.417), 18px);\"><strong>G\u00fcvenilirlik:<\/strong>&nbsp;Kilitlerin sa\u011flam ve g\u00fcvenilir olmas\u0131na \u00f6zen g\u00f6sterin.<\/p>\n\n\n\n<p style=\"font-size:clamp(14px, 0.875rem + ((1vw - 3.2px) * 0.417), 18px);\"><strong>Malzeme:<\/strong>&nbsp;\u00c7ocu\u011funuzun sa\u011fl\u0131\u011f\u0131na zarar vermeyen, dayan\u0131kl\u0131 ve paslanmaz malzemelerden \u00fcretilmi\u015f kilitleri tercih edin.<\/p>\n\n\n\n<p style=\"font-size:clamp(14px, 0.875rem + ((1vw - 3.2px) * 0.417), 18px);\"><strong>Kolay Kullan\u0131m:<\/strong>&nbsp;Kilitlerin hem sizin hem de bak\u0131c\u0131lar\u0131n\u0131z\u0131n kolayca tak\u0131p \u00e7\u0131karabilece\u011fi ve kullanabilece\u011fi modeller olmas\u0131na dikkat edin.<\/p>\n\n\n\n<p style=\"font-size:clamp(14px, 0.875rem + ((1vw - 3.2px) * 0.417), 18px);\"><strong>Gizlilik:<\/strong>&nbsp;Kilitlerin \u00e7ocu\u011funuzun dikkatini \u00e7ekmeyecek kadar sade ve g\u00f6ze batmayan bir tasar\u0131ma sahip olmas\u0131 \u00f6nemlidir.<\/p>\n\n\n\n<p><\/p>\n\n\n\n<p><\/p>\n\n\n\n<figure class=\"wp-block-image aligncenter\"><img loading=\"lazy\" decoding=\"async\" width=\"400\" height=\"400\" src=\"https:\/\/cocukkilidi.net\/wp-content\/uploads\/2024\/09\/evokids-cekmece-guvenlik-kilidi-6445-guvenlik-kilidi-evokids-11461-64-O-1.jpg\" alt=\"\" class=\"wp-image-16\" srcset=\"https:\/\/cocukkilidi.net\/wp-content\/uploads\/2024\/09\/evokids-cekmece-guvenlik-kilidi-6445-guvenlik-kilidi-evokids-11461-64-O-1.jpg 400w, https:\/\/cocukkilidi.net\/wp-content\/uploads\/2024\/09\/evokids-cekmece-guvenlik-kilidi-6445-guvenlik-kilidi-evokids-11461-64-O-1-300x300.jpg 300w, https:\/\/cocukkilidi.net\/wp-content\/uploads\/2024\/09\/evokids-cekmece-guvenlik-kilidi-6445-guvenlik-kilidi-evokids-11461-64-O-1-150x150.jpg 150w\" sizes=\"auto, (max-width: 400px) 100vw, 400px\" \/><\/figure>\n\n\n\n<p><\/p>\n\n\n\n<p><\/p>\n\n\n\n<h3 class=\"wp-block-heading has-text-align-center\"><strong>EvoKids\u00a0\u00c7ocuk G\u00fcvenlik Bilekli\u011fi<\/strong><\/h3>\n\n\n\n<p><\/p>\n\n\n\n<p style=\"font-size:clamp(14px, 0.875rem + ((1vw - 3.2px) * 0.417), 18px);\">EvoKids \u00e7ocuk g\u00fcvenlik bilekli\u011fi, \u00f6zellikle hareketli ve merakl\u0131 ya\u015ftaki \u00e7ocuklar\u0131n g\u00fcvenli\u011fi i\u00e7in tasarlanm\u0131\u015f olduk\u00e7a kullan\u0131\u015fl\u0131 bir \u00fcr\u00fcnd\u00fcr. \u00d6zellikle kalabal\u0131k ortamlarda veya potansiyel tehlikelerin olabilece\u011fi yerlerde \u00e7ocu\u011funuzu g\u00f6z\u00fcn\u00fczden ay\u0131rmadan g\u00fcvenle gezmenizi sa\u011flar.<\/p>\n\n\n\n<p><\/p>\n\n\n\n<p><\/p>\n\n\n\n<h3 class=\"wp-block-heading has-text-align-center\"><strong>EvoKids\u00a0\u00c7ekmece Ve Dolap Kilitleri<\/strong><\/h3>\n\n\n\n<p><\/p>\n\n\n\n<p style=\"font-size:clamp(14px, 0.875rem + ((1vw - 3.2px) * 0.417), 18px);\">Bu kilitler, mutfak dolaplar\u0131, banyo dolaplar\u0131 ve di\u011fer \u00e7ekmeceleri kilitlemek i\u00e7in kullan\u0131l\u0131r. Genellikle basit bir mekanizmaya sahiptir ve kolayca a\u00e7\u0131l\u0131p kapan\u0131r.<\/p>\n\n\n\n<p><\/p>\n\n\n\n<p><\/p>\n\n\n\n<h2 class=\"wp-block-heading has-text-align-center\"><strong>EvoKids<\/strong>&nbsp;<strong>\u00c7ift Kapakl\u0131 Dolap Kilidi<\/strong><\/h2>\n\n\n\n<p><\/p>\n\n\n\n<p style=\"font-size:clamp(14px, 0.875rem + ((1vw - 3.2px) * 0.417), 18px);\">Bebeklerin ve k\u00fc\u00e7\u00fck \u00e7ocuklar\u0131n merakl\u0131 ellerinden dolaplar\u0131 koruyarak onlar\u0131n g\u00fcvenli\u011fini sa\u011flamak i\u00e7in tasarlanm\u0131\u015f bir \u00fcr\u00fcnd\u00fcr.<\/p>\n\n\n\n<p><\/p>\n\n\n\n<p><\/p>\n\n\n\n<h3 class=\"wp-block-heading has-text-align-center\"><strong>EvoKids Ocak Kilitleri<\/strong><\/h3>\n\n\n\n<p><\/p>\n\n\n\n<p style=\"font-size:clamp(14px, 0.875rem + ((1vw - 3.2px) * 0.417), 18px);\">EvoKids Oca\u011f\u0131n d\u00fc\u011fmelerini kilitlemek i\u00e7in kullan\u0131lan bu kilitler, \u00e7ocuklar\u0131n oca\u011fa dokunmas\u0131n\u0131 engeller.<\/p>\n\n\n\n<p><\/p>\n\n\n\n<p><\/p>\n\n\n\n<h3 class=\"wp-block-heading has-text-align-center\"><strong>EvoKids Manyetik G\u00fcvenlik Kilidi<\/strong><\/h3>\n\n\n\n<p><\/p>\n\n\n\n<p style=\"font-size:clamp(14px, 0.875rem + ((1vw - 3.2px) * 0.417), 18px);\">manyetik g\u00fcvenlik kilidi, bebek ve \u00e7ocuklar\u0131n g\u00fcvenli\u011fi i\u00e7in \u00f6zel olarak tasarlanm\u0131\u015f pratik ve etkili bir \u00fcr\u00fcnd\u00fcr. \u00d6zellikle evdeki dolap ve \u00e7ekmecelerde s\u0131kl\u0131kla kullan\u0131l\u0131r.<\/p>\n\n\n\n<p><\/p>\n\n\n\n<p><\/p>\n\n\n\n<h3 class=\"wp-block-heading has-text-align-center\"><strong>EvoKids Pratik \u00c7ocuk G\u00fcvenlik Kilidi<\/strong><\/h3>\n\n\n\n<p><\/p>\n\n\n\n<p style=\"font-size:clamp(14px, 0.875rem + ((1vw - 3.2px) * 0.417), 18px);\">EvoKids Pratik \u00c7ocuk G\u00fcvenlik Kilidi, bebeklerin ve k\u00fc\u00e7\u00fck \u00e7ocuklar\u0131n merakl\u0131 ellerinden evdeki \u00e7e\u015fitli e\u015fyalar\u0131 koruyacak \u015fekilde tasarlanm\u0131\u015f kullan\u0131\u015fl\u0131 bir \u00fcr\u00fcnd\u00fcr. \u00d6zellikle dolap, \u00e7ekmece, buzdolab\u0131 gibi yerlerde kullan\u0131larak \u00e7ocuklar\u0131n bu alanlara ula\u015fmas\u0131n\u0131 engeller.<\/p>\n\n\n\n<p><\/p>\n\n\n\n<p><\/p>\n\n\n\n<figure class=\"wp-block-image aligncenter\"><img loading=\"lazy\" decoding=\"async\" width=\"300\" height=\"100\" src=\"https:\/\/cocukkilidi.net\/wp-content\/uploads\/2024\/09\/evokids-logo.png\" alt=\"\" class=\"wp-image-18\"\/><\/figure>\n\n\n\n<p><\/p>\n\n\n\n<p><\/p>\n\n\n\n<h2 class=\"wp-block-heading\"><strong>EvoKids<\/strong><\/h2>\n\n\n\n<p style=\"font-size:clamp(14px, 0.875rem + ((1vw - 3.2px) * 0.417), 18px);\">EvoKids, bebek ve \u00e7ocuk g\u00fcvenli\u011fi konusunda uzmanla\u015fm\u0131\u015f bir markad\u0131r. \u00d6zellikle ev i\u00e7indeki potansiyel tehlikelere kar\u015f\u0131 \u00e7ocuklar i\u00e7in \u00e7e\u015fitli g\u00fcvenlik \u00fcr\u00fcnleri \u00fcretmektedir.<\/p>\n\n\n\n<p><\/p>\n\n\n\n<p><\/p>\n\n\n\n<figure class=\"wp-block-image aligncenter\"><img loading=\"lazy\" decoding=\"async\" width=\"400\" height=\"400\" src=\"https:\/\/cocukkilidi.net\/wp-content\/uploads\/2024\/09\/51.jpg\" alt=\"\" class=\"wp-image-32\" srcset=\"https:\/\/cocukkilidi.net\/wp-content\/uploads\/2024\/09\/51.jpg 400w, https:\/\/cocukkilidi.net\/wp-content\/uploads\/2024\/09\/51-300x300.jpg 300w, https:\/\/cocukkilidi.net\/wp-content\/uploads\/2024\/09\/51-150x150.jpg 150w\" sizes=\"auto, (max-width: 400px) 100vw, 400px\" \/><\/figure>\n\n\n\n<p><\/p>\n\n\n\n<p class=\"has-text-align-center\" style=\"font-size:clamp(14px, 0.875rem + ((1vw - 3.2px) * 0.417), 18px);\"><strong>G\u00fcvenli bir oyun alan\u0131 olu\u015fturmak:<\/strong>\u00a0EvoKids\u2019in g\u00fcvenlik bariyerleri sayesinde evinizde \u00e7ocuklar i\u00e7in g\u00fcvenli bir oyun alan\u0131 olu\u015fturabilirsiniz. B\u00f6ylece \u00e7ocu\u011funuz rahat\u00e7a oynarken siz de g\u00f6n\u00fcl rahatl\u0131\u011f\u0131yla i\u015flerinizi yapabilirsiniz.<\/p>\n\n\n\n<p><\/p>\n\n\n\n<p><\/p>\n\n\n\n<figure class=\"wp-block-image aligncenter\"><img loading=\"lazy\" decoding=\"async\" width=\"349\" height=\"304\" src=\"https:\/\/cocukkilidi.net\/wp-content\/uploads\/2024\/09\/Ekran-goruntusu-2024-10-17-203225.jpg\" alt=\"\" class=\"wp-image-33\" srcset=\"https:\/\/cocukkilidi.net\/wp-content\/uploads\/2024\/09\/Ekran-goruntusu-2024-10-17-203225.jpg 349w, https:\/\/cocukkilidi.net\/wp-content\/uploads\/2024\/09\/Ekran-goruntusu-2024-10-17-203225-300x261.jpg 300w\" sizes=\"auto, (max-width: 349px) 100vw, 349px\" \/><\/figure>\n\n\n\n<p><\/p>\n\n\n\n<p class=\"has-text-align-center\" style=\"font-size:clamp(14px, 0.875rem + ((1vw - 3.2px) * 0.417), 18px);\"><strong>\u00c7ocu\u011funuzu merak etti\u011fi yerlerden uzak tutmak:<\/strong>&nbsp;Merdivenler, prizler gibi tehlikeli alanlara eri\u015fimi engellemek i\u00e7in Evokids\u2019in g\u00fcvenlik \u00fcr\u00fcnleri olduk\u00e7a etkilidir.<\/p>\n","protected":false},"excerpt":{"rendered":"<p>Merakl\u0131 K\u00fc\u00e7\u00fck Eller \u0130\u00e7in G\u00fcvenli Bir Ortam Bebeklerin ve k\u00fc\u00e7\u00fck \u00e7ocuklar\u0131n d\u00fcnyay\u0131 ke\u015ffetme arzusu, onlar\u0131n her \u015feye dokunmak ve incelemek istemesine neden olur. Bu durum, ev i\u00e7indeki \u00e7ekmece ve dolaplar\u0131n i\u00e7eri\u011fini merak etmelerine ve ula\u015fmaya \u00e7al\u0131\u015fmalar\u0131na yol a\u00e7ar. Bu durum hem \u00e7ocuklar\u0131n g\u00fcvenli\u011fi hem de evdeki d\u00fczenin korunmas\u0131 a\u00e7\u0131s\u0131ndan \u00f6nemli bir sorun olabilir. \u0130\u015fte bu [&hellip;]<\/p>\n","protected":false},"author":1,"featured_media":0,"parent":23,"menu_order":0,"comment_status":"closed","ping_status":"closed","template":"","meta":{"footnotes":""},"class_list":["post-115","page","type-page","status-publish","hentry"],"_links":{"self":[{"href":"https:\/\/cocukkilidi.net\/index.php?rest_route=\/wp\/v2\/pages\/115","targetHints":{"allow":["GET"]}}],"collection":[{"href":"https:\/\/cocukkilidi.net\/index.php?rest_route=\/wp\/v2\/pages"}],"about":[{"href":"https:\/\/cocukkilidi.net\/index.php?rest_route=\/wp\/v2\/types\/page"}],"author":[{"embeddable":true,"href":"https:\/\/cocukkilidi.net\/index.php?rest_route=\/wp\/v2\/users\/1"}],"replies":[{"embeddable":true,"href":"https:\/\/cocukkilidi.net\/index.php?rest_route=%2Fwp%2Fv2%2Fcomments&post=115"}],"version-history":[{"count":1,"href":"https:\/\/cocukkilidi.net\/index.php?rest_route=\/wp\/v2\/pages\/115\/revisions"}],"predecessor-version":[{"id":117,"href":"https:\/\/cocukkilidi.net\/index.php?rest_route=\/wp\/v2\/pages\/115\/revisions\/117"}],"up":[{"embeddable":true,"href":"https:\/\/cocukkilidi.net\/index.php?rest_route=\/wp\/v2\/pages\/23"}],"wp:attachment":[{"href":"https:\/\/cocukkilidi.net\/index.php?rest_route=%2Fwp%2Fv2%2Fmedia&parent=115"}],"curies":[{"name":"wp","href":"https:\/\/api.w.org\/{rel}","templated":true}]}}