{"id":113,"date":"2024-11-24T14:08:43","date_gmt":"2024-11-24T14:08:43","guid":{"rendered":"https:\/\/cocukkilidi.net\/?page_id=113"},"modified":"2024-11-24T14:09:14","modified_gmt":"2024-11-24T14:09:14","slug":"evde-cocuk-yaralanmalarinin-nedenleri","status":"publish","type":"page","link":"https:\/\/cocukkilidi.net\/?page_id=113","title":{"rendered":"Evde \u00c7ocuk Yaralanmalar\u0131n\u0131n Nedenleri"},"content":{"rendered":"\n<p><\/p>\n\n\n\n<ul class=\"wp-block-list\">\n<li style=\"font-size:clamp(14px, 0.875rem + ((1vw - 3.2px) * 0.417), 18px);\"><strong>D\u00fc\u015fmeler:<\/strong> Merdivenlerden d\u00fc\u015fme, y\u00fcksek yerlerden d\u00fc\u015fme, kaygan zeminlerde kayma gibi.<\/li>\n\n\n\n<li style=\"font-size:clamp(14px, 0.875rem + ((1vw - 3.2px) * 0.417), 18px);\"><strong>Yan\u0131klar:<\/strong> S\u0131cak su, ate\u015f, \u00fct\u00fc gibi s\u0131cak y\u00fczeylerle temas.<\/li>\n\n\n\n<li style=\"font-size:clamp(14px, 0.875rem + ((1vw - 3.2px) * 0.417), 18px);\"><strong>Zehirlenmeler:<\/strong> Temizlik \u00fcr\u00fcnleri, ila\u00e7lar, kozmetik \u00fcr\u00fcnler gibi maddelerin yanl\u0131\u015fl\u0131kla yutulmas\u0131.<\/li>\n\n\n\n<li style=\"font-size:clamp(14px, 0.875rem + ((1vw - 3.2px) * 0.417), 18px);\"><strong>Bo\u011fulmalar:<\/strong> K\u00fc\u00e7\u00fck nesnelerin yutulmas\u0131, suda bo\u011fulma.<\/li>\n\n\n\n<li style=\"font-size:clamp(14px, 0.875rem + ((1vw - 3.2px) * 0.417), 18px);\"><strong>Kesikler:<\/strong> Kesici aletlerle yaralanma.<\/li>\n<\/ul>\n\n\n\n<p><\/p>\n\n\n\n<h3 class=\"wp-block-heading\" style=\"font-size:clamp(18.959px, 1.185rem + ((1vw - 3.2px) * 1.15), 30px);\"><strong>\u00c7ocuk Yaralanmalar\u0131n\u0131n \u00d6nlenmesi \u0130\u00e7in Al\u0131nabilecek \u00d6nlemler<\/strong><\/h3>\n\n\n\n<p><\/p>\n\n\n\n<p style=\"font-size:clamp(14.642px, 0.915rem + ((1vw - 3.2px) * 0.766), 22px);\"><strong>Ev Ortam\u0131n\u0131n G\u00fcvenli\u011fi:<\/strong><\/p>\n\n\n\n<ul class=\"wp-block-list\">\n<li style=\"font-size:clamp(14px, 0.875rem + ((1vw - 3.2px) * 0.417), 18px);\"><strong>Mobilya Sabitleme:<\/strong> Dolaplar, raflar gibi devrilebilecek e\u015fyalar\u0131 duvara sabitleyin.<\/li>\n\n\n\n<li style=\"font-size:clamp(14px, 0.875rem + ((1vw - 3.2px) * 0.417), 18px);\"><strong>K\u00f6\u015fe Koruyucular\u0131:<\/strong> Mobilyalar\u0131n sivri k\u00f6\u015felerine k\u00f6\u015fe koruyucular\u0131 tak\u0131n.<\/li>\n\n\n\n<li style=\"font-size:clamp(14px, 0.875rem + ((1vw - 3.2px) * 0.417), 18px);\"><strong>Elektrik Priz Koruyucular\u0131:<\/strong> Elektrik prizlerine koruyucu tak\u0131n.<\/li>\n\n\n\n<li style=\"font-size:clamp(14px, 0.875rem + ((1vw - 3.2px) * 0.417), 18px);\"><strong>Pencere ve Balkon G\u00fcvenli\u011fi:<\/strong> Pencerelere ve balkonlara g\u00fcvenlik \u0131zgaralar\u0131 tak\u0131n.<\/li>\n\n\n\n<li style=\"font-size:clamp(14px, 0.875rem + ((1vw - 3.2px) * 0.417), 18px);\"><strong>Merdiven Kap\u0131lar\u0131:<\/strong> Merdivenlere bebek g\u00fcvenlik kap\u0131lar\u0131 tak\u0131n.<\/li>\n\n\n\n<li style=\"font-size:clamp(14px, 0.875rem + ((1vw - 3.2px) * 0.417), 18px);\"><strong>Zehirli Maddeleri Ula\u015famayacaklar\u0131 Yerlere Koyun:<\/strong> Temizlik \u00fcr\u00fcnleri, ila\u00e7lar gibi zehirli maddeleri kilitli dolaplarda veya \u00e7ocuklar\u0131n ula\u015famayaca\u011f\u0131 y\u00fcksek raflarda saklay\u0131n.<\/li>\n<\/ul>\n\n\n\n<p><\/p>\n\n\n\n<p style=\"font-size:clamp(14.642px, 0.915rem + ((1vw - 3.2px) * 0.766), 22px);\"><strong>Banyo G\u00fcvenli\u011fi:<\/strong><\/p>\n\n\n\n<ul class=\"wp-block-list\">\n<li style=\"font-size:clamp(14px, 0.875rem + ((1vw - 3.2px) * 0.417), 18px);\"><strong>Su Is\u0131s\u0131n\u0131 Ayarlay\u0131n:<\/strong> \u00c7ocu\u011funuzun yanmamas\u0131 i\u00e7in suyun s\u0131cakl\u0131\u011f\u0131n\u0131 ayarlay\u0131n.<\/li>\n\n\n\n<li style=\"font-size:clamp(14px, 0.875rem + ((1vw - 3.2px) * 0.417), 18px);\"><strong>Banyo Zeminini Kaymaz Yap\u0131n:<\/strong> Banyo zemininin kaygan olmamas\u0131na dikkat edin.<\/li>\n\n\n\n<li style=\"font-size:clamp(14px, 0.875rem + ((1vw - 3.2px) * 0.417), 18px);\"><strong>Banyo Kap\u0131s\u0131n\u0131 Kilitleyin:<\/strong> \u00c7ocu\u011funuzun banyoya tek ba\u015f\u0131na girmesini engelleyin.<\/li>\n<\/ul>\n\n\n\n<p><\/p>\n\n\n\n<p style=\"font-size:clamp(14.642px, 0.915rem + ((1vw - 3.2px) * 0.766), 22px);\"><strong>Mutfak G\u00fcvenli\u011fi:<\/strong><\/p>\n\n\n\n<ul class=\"wp-block-list\">\n<li style=\"font-size:clamp(14px, 0.875rem + ((1vw - 3.2px) * 0.417), 18px);\"><strong>Ocaklara Ula\u015famayacaklar\u0131 Yerlere Koyun:<\/strong> Oca\u011f\u0131 kullan\u0131rken \u00e7ocuklar\u0131n\u0131z\u0131 yan\u0131n\u0131zda bulundurmay\u0131n.<\/li>\n\n\n\n<li style=\"font-size:clamp(14px, 0.875rem + ((1vw - 3.2px) * 0.417), 18px);\"><strong>\u00c7ay ve Kahve Kupa ve Tepsilerini Uzak Tutun:<\/strong> \u00c7ocuklar\u0131n ula\u015fabilece\u011fi yerlere s\u0131cak i\u00e7ecekler koymay\u0131n.<\/li>\n<\/ul>\n\n\n\n<p><\/p>\n\n\n\n<p style=\"font-size:clamp(14.642px, 0.915rem + ((1vw - 3.2px) * 0.766), 22px);\"><strong>Oyuncak G\u00fcvenli\u011fi:<\/strong><\/p>\n\n\n\n<ul class=\"wp-block-list\">\n<li style=\"font-size:clamp(14px, 0.875rem + ((1vw - 3.2px) * 0.417), 18px);\"><strong>K\u00fc\u00e7\u00fck Par\u00e7al\u0131 Oyuncaklardan Ka\u00e7\u0131n\u0131n:<\/strong> K\u00fc\u00e7\u00fck par\u00e7al\u0131 oyuncaklar bo\u011fulma riskini art\u0131rabilir.<\/li>\n<\/ul>\n\n\n\n<p><\/p>\n\n\n\n<p style=\"font-size:clamp(14.642px, 0.915rem + ((1vw - 3.2px) * 0.766), 22px);\"><strong>Acil Durumlar \u0130\u00e7in Haz\u0131rl\u0131kl\u0131 Olun:<\/strong><\/p>\n\n\n\n<ul class=\"wp-block-list\">\n<li style=\"font-size:clamp(14px, 0.875rem + ((1vw - 3.2px) * 0.417), 18px);\"><strong>Zehirlenme Merkezi Telefon Numaras\u0131n\u0131 Yan\u0131n\u0131zda Bulundurun:<\/strong> Zehirlenme durumunda hemen m\u00fcdahale edebilmek i\u00e7in zehirlenme merkezi telefon numaras\u0131n\u0131 \u00f6\u011frenin.<\/li>\n\n\n\n<li style=\"font-size:clamp(14px, 0.875rem + ((1vw - 3.2px) * 0.417), 18px);\"><strong>\u0130lk Yard\u0131m \u00c7antas\u0131n\u0131 Haz\u0131rlay\u0131n:<\/strong> Evde bir ilk yard\u0131m \u00e7antas\u0131 bulundurun.<\/li>\n<\/ul>\n\n\n\n<p><\/p>\n\n\n\n<h3 class=\"wp-block-heading has-text-align-center has-x-large-font-size\"><em><strong>\u00c7ocuklar\u0131n merakl\u0131 do\u011falar\u0131 nedeniyle, hi\u00e7bir \u00f6nlem %100 g\u00fcvenlik sa\u011flamaz. Ancak yukar\u0131da belirtilen \u00f6nlemler al\u0131nd\u0131\u011f\u0131nda, ev kazalar\u0131n\u0131n b\u00fcy\u00fck bir k\u0131sm\u0131n\u0131n \u00f6nlenmesi m\u00fcmk\u00fcnd\u00fcr.<\/strong><\/em><\/h3>\n\n\n\n<p><\/p>\n","protected":false},"excerpt":{"rendered":"<p>\u00c7ocuk Yaralanmalar\u0131n\u0131n \u00d6nlenmesi \u0130\u00e7in Al\u0131nabilecek \u00d6nlemler Ev Ortam\u0131n\u0131n G\u00fcvenli\u011fi: Banyo G\u00fcvenli\u011fi: Mutfak G\u00fcvenli\u011fi: Oyuncak G\u00fcvenli\u011fi: Acil Durumlar \u0130\u00e7in Haz\u0131rl\u0131kl\u0131 Olun: \u00c7ocuklar\u0131n merakl\u0131 do\u011falar\u0131 nedeniyle, hi\u00e7bir \u00f6nlem %100 g\u00fcvenlik sa\u011flamaz. Ancak yukar\u0131da belirtilen \u00f6nlemler al\u0131nd\u0131\u011f\u0131nda, ev kazalar\u0131n\u0131n b\u00fcy\u00fck bir k\u0131sm\u0131n\u0131n \u00f6nlenmesi m\u00fcmk\u00fcnd\u00fcr.<\/p>\n","protected":false},"author":1,"featured_media":0,"parent":2,"menu_order":0,"comment_status":"closed","ping_status":"closed","template":"","meta":{"footnotes":""},"class_list":["post-113","page","type-page","status-publish","hentry"],"_links":{"self":[{"href":"https:\/\/cocukkilidi.net\/index.php?rest_route=\/wp\/v2\/pages\/113","targetHints":{"allow":["GET"]}}],"collection":[{"href":"https:\/\/cocukkilidi.net\/index.php?rest_route=\/wp\/v2\/pages"}],"about":[{"href":"https:\/\/cocukkilidi.net\/index.php?rest_route=\/wp\/v2\/types\/page"}],"author":[{"embeddable":true,"href":"https:\/\/cocukkilidi.net\/index.php?rest_route=\/wp\/v2\/users\/1"}],"replies":[{"embeddable":true,"href":"https:\/\/cocukkilidi.net\/index.php?rest_route=%2Fwp%2Fv2%2Fcomments&post=113"}],"version-history":[{"count":1,"href":"https:\/\/cocukkilidi.net\/index.php?rest_route=\/wp\/v2\/pages\/113\/revisions"}],"predecessor-version":[{"id":114,"href":"https:\/\/cocukkilidi.net\/index.php?rest_route=\/wp\/v2\/pages\/113\/revisions\/114"}],"up":[{"embeddable":true,"href":"https:\/\/cocukkilidi.net\/index.php?rest_route=\/wp\/v2\/pages\/2"}],"wp:attachment":[{"href":"https:\/\/cocukkilidi.net\/index.php?rest_route=%2Fwp%2Fv2%2Fmedia&parent=113"}],"curies":[{"name":"wp","href":"https:\/\/api.w.org\/{rel}","templated":true}]}}