{"id":109,"date":"2024-11-24T13:35:23","date_gmt":"2024-11-24T13:35:23","guid":{"rendered":"https:\/\/cocukkilidi.net\/?page_id=109"},"modified":"2024-11-24T13:39:45","modified_gmt":"2024-11-24T13:39:45","slug":"109-2","status":"publish","type":"page","link":"https:\/\/cocukkilidi.net\/?page_id=109","title":{"rendered":"\u00c7ocuk ve bebeklerin g\u00fcvenli\u011fi i\u00e7in ne gibi \u00f6nlemler alabiliriz?"},"content":{"rendered":"\n<p><\/p>\n\n\n\n<p><\/p>\n\n\n\n<h2 class=\"wp-block-heading\" style=\"font-size:clamp(14.642px, 0.915rem + ((1vw - 3.2px) * 0.766), 22px);\"><strong>\u00c7ocuk ve Bebeklerin G\u00fcvenli\u011fi \u0130\u00e7in Al\u0131nabilecek \u00d6nlemler<\/strong><\/h2>\n\n\n\n<p style=\"font-size:clamp(14px, 0.875rem + ((1vw - 3.2px) * 0.417), 18px);\">\u00c7ocuklar\u0131n merakl\u0131 do\u011fas\u0131, onlar\u0131 bir\u00e7ok potansiyel tehlikeye a\u00e7\u0131k hale getirebilir. Ev ortam\u0131nda \u00e7ocuklar\u0131n g\u00fcvenli\u011fini sa\u011flamak i\u00e7in al\u0131nabilecek bir\u00e7ok \u00f6nlem bulunmaktad\u0131r. \u0130\u015fte bu \u00f6nlemlerden baz\u0131lar\u0131:<\/p>\n\n\n\n<p><\/p>\n\n\n\n<h3 class=\"wp-block-heading\" style=\"font-size:clamp(14.642px, 0.915rem + ((1vw - 3.2px) * 0.766), 22px);\"><strong>Ev Ortam\u0131nda Al\u0131nabilecek \u00d6nlemler<\/strong><\/h3>\n\n\n\n<ul class=\"wp-block-list\">\n<li style=\"font-size:clamp(14px, 0.875rem + ((1vw - 3.2px) * 0.521), 19px);\"><strong>Mobilya Sabitleme:<\/strong> Dolaplar, raflar gibi devrilebilecek e\u015fyalar\u0131 duvara sabitleyerek \u00e7ocuklar\u0131n \u00fczerine d\u00fc\u015fme riskini azalt\u0131n.<\/li>\n\n\n\n<li style=\"font-size:clamp(14px, 0.875rem + ((1vw - 3.2px) * 0.521), 19px);\"><strong>K\u00f6\u015fe Koruyucular\u0131:<\/strong> Mobilyalar\u0131n sivri k\u00f6\u015felerine k\u00f6\u015fe koruyucular\u0131 takarak \u00e7ocuklar\u0131n \u00e7arpma riskini minimize edin.<\/li>\n\n\n\n<li style=\"font-size:clamp(14px, 0.875rem + ((1vw - 3.2px) * 0.521), 19px);\"><strong>Elektrik Priz Koruyucular\u0131:<\/strong> Elektrik prizlerine koruyucu takarak \u00e7ocuklar\u0131n parmaklar\u0131n\u0131 sokmas\u0131n\u0131 engelleyin.<\/li>\n\n\n\n<li style=\"font-size:clamp(14px, 0.875rem + ((1vw - 3.2px) * 0.521), 19px);\"><strong>Pencere ve Balkon G\u00fcvenli\u011fi:<\/strong> Pencerelere ve balkonlara g\u00fcvenlik \u0131zgaralar\u0131 takarak d\u00fc\u015fme riskini ortadan kald\u0131r\u0131n.<\/li>\n\n\n\n<li style=\"font-size:clamp(14px, 0.875rem + ((1vw - 3.2px) * 0.521), 19px);\"><strong>Merdiven Kap\u0131lar\u0131:<\/strong> Merdivenlere bebek g\u00fcvenlik kap\u0131lar\u0131 takarak \u00e7ocuklar\u0131n merdivenlerden d\u00fc\u015fmesini engelleyin.<\/li>\n\n\n\n<li style=\"font-size:clamp(14px, 0.875rem + ((1vw - 3.2px) * 0.521), 19px);\"><strong>Zehirli Maddeleri Ula\u015famayacaklar\u0131 Yerlere Koyun:<\/strong> Temizlik \u00fcr\u00fcnleri, ila\u00e7lar gibi zehirli maddeleri kilitli dolaplarda veya \u00e7ocuklar\u0131n ula\u015famayaca\u011f\u0131 y\u00fcksek raflarda saklay\u0131n.<\/li>\n\n\n\n<li style=\"font-size:clamp(14px, 0.875rem + ((1vw - 3.2px) * 0.521), 19px);\"><strong>Hal\u0131 ve Paspaslar\u0131 Sabitleyin:<\/strong> Kaygan zeminlerdeki hal\u0131lar ve paspaslar \u00e7ocuklar\u0131n d\u00fc\u015fmesine neden olabilir. Bu nedenle bunlar\u0131 kayd\u0131rmaz malzemelerle sabitleyin.<\/li>\n\n\n\n<li style=\"font-size:clamp(14px, 0.875rem + ((1vw - 3.2px) * 0.521), 19px);\"><strong>S\u0131cak Y\u00fczeylere Dikkat:<\/strong> Ocaklardan, \u00fct\u00fclerden ve di\u011fer s\u0131cak y\u00fczeylerden \u00e7ocuklar\u0131 uzak tutun.<\/li>\n\n\n\n<li style=\"font-size:clamp(14px, 0.875rem + ((1vw - 3.2px) * 0.521), 19px);\"><strong>K\u00fc\u00e7\u00fck E\u015fyalar\u0131 Toplay\u0131n:<\/strong> K\u00fc\u00e7\u00fck oyuncaklar, boncuklar gibi nesneleri \u00e7ocuklar\u0131n a\u011fz\u0131na alabilece\u011fi i\u00e7in toplaman\u0131z \u00f6nemlidir.<\/li>\n\n\n\n<li style=\"font-size:clamp(14px, 0.875rem + ((1vw - 3.2px) * 0.521), 19px);\"><strong>Su Is\u0131s\u0131n\u0131 Ayarlay\u0131n:<\/strong> \u00c7ocuklar\u0131n banyo yaparken yanmamas\u0131 i\u00e7in suyun s\u0131cakl\u0131\u011f\u0131n\u0131 ayarlay\u0131n.<\/li>\n<\/ul>\n\n\n\n<p><\/p>\n\n\n\n<h3 class=\"wp-block-heading\" style=\"font-size:clamp(14.642px, 0.915rem + ((1vw - 3.2px) * 0.766), 22px);\"><strong>Ek \u00d6nlemler<\/strong><\/h3>\n\n\n\n<ul class=\"wp-block-list\">\n<li style=\"font-size:clamp(14px, 0.875rem + ((1vw - 3.2px) * 0.521), 19px);\"><strong>Bebek Telsizi Kullan\u0131n:<\/strong> \u00d6zellikle gece uykusunda bebe\u011finizi takip etmek i\u00e7in bebek telsizi kullanabilirsiniz.<\/li>\n\n\n\n<li style=\"font-size:clamp(14px, 0.875rem + ((1vw - 3.2px) * 0.521), 19px);\"><strong>Evdeki Tehlikeleri Belirleyin:<\/strong> Evinizi d\u00fczenli olarak kontrol ederek potansiyel tehlikeleri belirleyin ve gerekli \u00f6nlemleri al\u0131n.<\/li>\n\n\n\n<li style=\"font-size:clamp(14px, 0.875rem + ((1vw - 3.2px) * 0.521), 19px);\"><strong>\u00c7ocu\u011funuza G\u00fcvenlik Kurallar\u0131 \u00d6\u011fretin:<\/strong> Ya\u015f\u0131na uygun \u015fekilde \u00e7ocu\u011funuza g\u00fcvenlik kurallar\u0131 \u00f6\u011fretin.<\/li>\n\n\n\n<li style=\"font-size:clamp(14px, 0.875rem + ((1vw - 3.2px) * 0.521), 19px);\"><strong>D\u00fczenli Olarak Kontrol Edin:<\/strong> \u00c7ocuk kilitlerini ve di\u011fer g\u00fcvenlik \u00f6nlemlerini d\u00fczenli olarak kontrol edin.<\/li>\n<\/ul>\n\n\n\n<p><\/p>\n\n\n\n<h3 class=\"wp-block-heading\" style=\"font-size:clamp(14.642px, 0.915rem + ((1vw - 3.2px) * 0.766), 22px);\"><strong>Ara\u00e7 \u0130\u00e7inde Al\u0131nabilecek \u00d6nlemler<\/strong><\/h3>\n\n\n\n<ul class=\"wp-block-list\">\n<li style=\"font-size:clamp(14px, 0.875rem + ((1vw - 3.2px) * 0.521), 19px);\"><strong>Oto Koltu\u011fu Kullan\u0131m\u0131:<\/strong> \u00c7ocu\u011funuzu oto koltu\u011funda ve uygun \u015fekilde ba\u011flayarak uzun yolculuklarda bile g\u00fcvenli\u011fini sa\u011flay\u0131n.<\/li>\n\n\n\n<li style=\"font-size:clamp(14px, 0.875rem + ((1vw - 3.2px) * 0.521), 19px);\"><strong>Ara\u00e7 \u0130\u00e7inde Kilit Sistemleri:<\/strong> Ara\u00e7ta \u00e7ocuk kilidi sistemlerini kullanarak \u00e7ocuklar\u0131n camlar\u0131 a\u00e7mas\u0131n\u0131 veya kap\u0131lar\u0131 a\u00e7mas\u0131n\u0131 engelleyin.<\/li>\n\n\n\n<li style=\"font-size:clamp(14px, 0.875rem + ((1vw - 3.2px) * 0.521), 19px);\"><strong>Ara\u00e7ta Unutmay\u0131n:<\/strong> \u00c7ocu\u011funuzu asla ara\u00e7 i\u00e7inde yaln\u0131z b\u0131rakmay\u0131n.<\/li>\n<\/ul>\n\n\n\n<p><\/p>\n\n\n\n<p><\/p>\n\n\n\n<p style=\"font-size:clamp(14px, 0.875rem + ((1vw - 3.2px) * 0.521), 19px);\"><strong>Unutmay\u0131n:<\/strong> \u00c7ocuklar\u0131n g\u00fcvenli\u011fi i\u00e7in al\u0131nan her \u00f6nlem \u00f6nemlidir. Bu \u00f6nlemler, olas\u0131 kazalar\u0131n \u00f6nlenmesine yard\u0131mc\u0131 olur ve size huzurlu bir ya\u015fam sa\u011flar.<\/p>\n","protected":false},"excerpt":{"rendered":"<p>\u00c7ocuk ve Bebeklerin G\u00fcvenli\u011fi \u0130\u00e7in Al\u0131nabilecek \u00d6nlemler \u00c7ocuklar\u0131n merakl\u0131 do\u011fas\u0131, onlar\u0131 bir\u00e7ok potansiyel tehlikeye a\u00e7\u0131k hale getirebilir. Ev ortam\u0131nda \u00e7ocuklar\u0131n g\u00fcvenli\u011fini sa\u011flamak i\u00e7in al\u0131nabilecek bir\u00e7ok \u00f6nlem bulunmaktad\u0131r. \u0130\u015fte bu \u00f6nlemlerden baz\u0131lar\u0131: Ev Ortam\u0131nda Al\u0131nabilecek \u00d6nlemler Ek \u00d6nlemler Ara\u00e7 \u0130\u00e7inde Al\u0131nabilecek \u00d6nlemler Unutmay\u0131n: \u00c7ocuklar\u0131n g\u00fcvenli\u011fi i\u00e7in al\u0131nan her \u00f6nlem \u00f6nemlidir. Bu \u00f6nlemler, olas\u0131 kazalar\u0131n \u00f6nlenmesine yard\u0131mc\u0131 [&hellip;]<\/p>\n","protected":false},"author":1,"featured_media":0,"parent":2,"menu_order":0,"comment_status":"closed","ping_status":"closed","template":"","meta":{"footnotes":""},"class_list":["post-109","page","type-page","status-publish","hentry"],"_links":{"self":[{"href":"https:\/\/cocukkilidi.net\/index.php?rest_route=\/wp\/v2\/pages\/109","targetHints":{"allow":["GET"]}}],"collection":[{"href":"https:\/\/cocukkilidi.net\/index.php?rest_route=\/wp\/v2\/pages"}],"about":[{"href":"https:\/\/cocukkilidi.net\/index.php?rest_route=\/wp\/v2\/types\/page"}],"author":[{"embeddable":true,"href":"https:\/\/cocukkilidi.net\/index.php?rest_route=\/wp\/v2\/users\/1"}],"replies":[{"embeddable":true,"href":"https:\/\/cocukkilidi.net\/index.php?rest_route=%2Fwp%2Fv2%2Fcomments&post=109"}],"version-history":[{"count":2,"href":"https:\/\/cocukkilidi.net\/index.php?rest_route=\/wp\/v2\/pages\/109\/revisions"}],"predecessor-version":[{"id":112,"href":"https:\/\/cocukkilidi.net\/index.php?rest_route=\/wp\/v2\/pages\/109\/revisions\/112"}],"up":[{"embeddable":true,"href":"https:\/\/cocukkilidi.net\/index.php?rest_route=\/wp\/v2\/pages\/2"}],"wp:attachment":[{"href":"https:\/\/cocukkilidi.net\/index.php?rest_route=%2Fwp%2Fv2%2Fmedia&parent=109"}],"curies":[{"name":"wp","href":"https:\/\/api.w.org\/{rel}","templated":true}]}}