{"id":104,"date":"2024-11-24T13:23:11","date_gmt":"2024-11-24T13:23:11","guid":{"rendered":"https:\/\/cocukkilidi.net\/?page_id=104"},"modified":"2024-11-24T13:23:38","modified_gmt":"2024-11-24T13:23:38","slug":"cocuk-ve-bebek-kilitlerinin-onemi-ve-ise-yaraslari","status":"publish","type":"page","link":"https:\/\/cocukkilidi.net\/?page_id=104","title":{"rendered":"\u00c7ocuk ve Bebek Kilitlerinin \u00d6nemi ve \u0130\u015fe Yara\u015flar\u0131"},"content":{"rendered":"\n<p><\/p>\n\n\n\n<p style=\"font-size:clamp(14.642px, 0.915rem + ((1vw - 3.2px) * 0.766), 22px);\"><strong>\u00c7ocuklar\u0131n merakl\u0131 d\u00fcnyas\u0131 ve g\u00fcvenlik \u00f6nlemleri<\/strong><\/p>\n\n\n\n<p style=\"font-size:clamp(14px, 0.875rem + ((1vw - 3.2px) * 0.417), 18px);\">\u00c7ocuklar, d\u00fcnyay\u0131 ke\u015ffetmeye ve \u00e7evrelerindeki her \u015feyi \u00f6\u011frenmeye doyumsuz bir merak duyarlar. Bu meraklar\u0131, onlar\u0131n geli\u015fimleri i\u00e7in son derece \u00f6nemli olsa da, ayn\u0131 zamanda onlar\u0131 potansiyel tehlikelere kar\u015f\u0131 da savunmas\u0131z hale getirebilir. \u00d6zellikle ev ortam\u0131nda, \u00e7ocuklar\u0131n ula\u015fabilece\u011fi bir\u00e7ok tehlikeli e\u015fya ve alan bulunmaktad\u0131r. \u0130\u015fte bu noktada, <strong>\u00e7ocuk ve bebek kilitleri<\/strong> devreye girerek, miniklerin g\u00fcvenli\u011fini sa\u011flamada \u00f6nemli bir rol oynar.<\/p>\n\n\n\n<p><\/p>\n\n\n\n<p style=\"font-size:clamp(14.642px, 0.915rem + ((1vw - 3.2px) * 0.766), 22px);\"><strong>Neden \u00e7ocuk ve bebek kilitlerine ihtiya\u00e7 duyar\u0131z?<\/strong><\/p>\n\n\n\n<ul class=\"wp-block-list\">\n<li style=\"font-size:clamp(14px, 0.875rem + ((1vw - 3.2px) * 0.521), 19px);\"><strong>Kazalar\u0131n \u00f6nlenmesi:<\/strong> \u00c7ocuklar, genellikle tehlikenin fark\u0131nda olmazlar ve her \u015feyi a\u011f\u0131zlar\u0131na g\u00f6t\u00fcrme e\u011filimindedirler. \u00c7ocuk kilitleri, temizlik \u00fcr\u00fcnleri, ila\u00e7lar, kesici aletler gibi zararl\u0131 maddelere eri\u015fimi engelleyerek olas\u0131 zehirlenme, kesilme gibi kazalar\u0131n \u00f6n\u00fcne ge\u00e7er.<\/li>\n\n\n\n<li style=\"font-size:clamp(14px, 0.875rem + ((1vw - 3.2px) * 0.521), 19px);\"><strong>Yan\u0131k riskini azaltma:<\/strong> Ocaklara, s\u0131cak su kaynaklar\u0131na eri\u015fimi engelleyerek yan\u0131k riskini minimize eder.<\/li>\n\n\n\n<li style=\"font-size:clamp(14px, 0.875rem + ((1vw - 3.2px) * 0.521), 19px);\"><strong>D\u00fc\u015fme ve \u00e7arpma riskini azaltma:<\/strong> Merdivenlere, balkonlara, pencerelere tak\u0131lan kilitler, \u00e7ocuklar\u0131n d\u00fc\u015fme veya \u00e7arpma riskini azalt\u0131r.<\/li>\n\n\n\n<li style=\"font-size:clamp(14px, 0.875rem + ((1vw - 3.2px) * 0.521), 19px);\"><strong>E\u015fyalar\u0131n bozulmas\u0131n\u0131 \u00f6nleme:<\/strong> \u00c7ocuklar\u0131n dolaplar\u0131 kar\u0131\u015ft\u0131rmas\u0131, e\u015fyalar\u0131n zarar g\u00f6rmesine neden olabilir. \u00c7ocuk kilitleri, dolap ve \u00e7ekmecelerin i\u00e7eri\u011finin korunmas\u0131na yard\u0131mc\u0131 olur.<\/li>\n\n\n\n<li style=\"font-size:clamp(14px, 0.875rem + ((1vw - 3.2px) * 0.521), 19px);\"><strong>Aileye huzur:<\/strong> \u00c7ocuklar\u0131n g\u00fcvenli\u011fi sa\u011fland\u0131\u011f\u0131nda, aileler daha rahat ve huzurlu bir \u015fekilde g\u00fcnl\u00fck hayatlar\u0131na devam edebilir.<\/li>\n<\/ul>\n\n\n\n<p><\/p>\n\n\n\n<p style=\"font-size:clamp(14.642px, 0.915rem + ((1vw - 3.2px) * 0.766), 22px);\"><strong>\u00c7ocuk ve bebek kilitlerinin \u00e7e\u015fitleri<\/strong><\/p>\n\n\n\n<ul class=\"wp-block-list\">\n<li style=\"font-size:clamp(14px, 0.875rem + ((1vw - 3.2px) * 0.521), 19px);\"><strong>Dolap ve \u00e7ekmece kilitleri:<\/strong> Mutfak, banyo gibi yerlerdeki dolap ve \u00e7ekmecelere tak\u0131l\u0131r.<\/li>\n\n\n\n<li style=\"font-size:clamp(14px, 0.875rem + ((1vw - 3.2px) * 0.521), 19px);\"><strong>Pencere kilitleri:<\/strong> Pencerelerin a\u00e7\u0131lmas\u0131n\u0131 engelleyerek d\u00fc\u015fme riskini azalt\u0131r.<\/li>\n\n\n\n<li style=\"font-size:clamp(14px, 0.875rem + ((1vw - 3.2px) * 0.521), 19px);\"><strong>Merdiven kilitleri:<\/strong> Merdivenlerin \u00fcst k\u0131sm\u0131na tak\u0131l\u0131r ve \u00e7ocuklar\u0131n merdivenlerden inmesini engeller.<\/li>\n\n\n\n<li style=\"font-size:clamp(14px, 0.875rem + ((1vw - 3.2px) * 0.521), 19px);\"><strong>\u00c7ocuk g\u00fcvenlik kap\u0131lar\u0131:<\/strong> Odalar\u0131n giri\u015flerine tak\u0131l\u0131r ve \u00e7ocuklar\u0131n odaya girip \u00e7\u0131kmas\u0131n\u0131 kontrol alt\u0131na al\u0131r.<\/li>\n\n\n\n<li style=\"font-size:clamp(14px, 0.875rem + ((1vw - 3.2px) * 0.521), 19px);\"><strong>Elektrik priz kilitleri:<\/strong> \u00c7ocuklar\u0131n parmaklar\u0131n\u0131 elektrik prizlerine sokmas\u0131n\u0131 engeller.<\/li>\n\n\n\n<li style=\"font-size:clamp(14px, 0.875rem + ((1vw - 3.2px) * 0.521), 19px);\"><strong>Banyo kilitleri:<\/strong> Tuvalet kapa\u011f\u0131 ve dolap gibi yerlere tak\u0131l\u0131r.<\/li>\n<\/ul>\n\n\n\n<p><\/p>\n\n\n\n<p style=\"font-size:clamp(14.642px, 0.915rem + ((1vw - 3.2px) * 0.766), 22px);\"><strong>\u00c7ocuk kilitlerinin se\u00e7imi ve kullan\u0131m\u0131<\/strong><\/p>\n\n\n\n<p style=\"font-size:clamp(14px, 0.875rem + ((1vw - 3.2px) * 0.417), 18px);\">\u00c7ocuk kilidi se\u00e7erken, \u00f6ncelikle \u00e7ocu\u011funuzun ya\u015f\u0131na ve merak seviyesine uygun bir \u00fcr\u00fcn se\u00e7melisiniz. Ayr\u0131ca, kolay tak\u0131l\u0131p \u00e7\u0131kar\u0131labilen ve dayan\u0131kl\u0131 olan \u00fcr\u00fcnleri tercih etmelisiniz. \u00c7ocuk kilitlerini takarken, kullan\u0131m k\u0131lavuzunu dikkatlice okumal\u0131 ve talimatlara uygun olarak takmal\u0131s\u0131n\u0131z.<\/p>\n\n\n\n<p><\/p>\n\n\n\n<p style=\"font-size:clamp(14.642px, 0.915rem + ((1vw - 3.2px) * 0.766), 22px);\"><strong>Ek \u00f6nlemler<\/strong><\/p>\n\n\n\n<p style=\"font-size:clamp(14px, 0.875rem + ((1vw - 3.2px) * 0.417), 18px);\">\u00c7ocuk kilitleri, tek ba\u015f\u0131na yeterli olmayabilir. Evde ek g\u00fcvenlik \u00f6nlemleri almak da \u00f6nemlidir. \u00d6rne\u011fin:<\/p>\n\n\n\n<ul class=\"wp-block-list\">\n<li style=\"font-size:clamp(14.642px, 0.915rem + ((1vw - 3.2px) * 0.766), 22px);\"><strong>Tehlikeli e\u015fyalar\u0131 \u00e7ocuklar\u0131n ula\u015famayaca\u011f\u0131 yerlere kald\u0131r\u0131n.<\/strong><\/li>\n\n\n\n<li style=\"font-size:clamp(14.642px, 0.915rem + ((1vw - 3.2px) * 0.766), 22px);\"><strong>Mutfakta yemek yaparken \u00e7ocuklar\u0131n\u0131z\u0131 g\u00f6zetim alt\u0131nda tutun.<\/strong><\/li>\n\n\n\n<li style=\"font-size:clamp(14.642px, 0.915rem + ((1vw - 3.2px) * 0.766), 22px);\"><strong>Banyoda \u00e7ocuklar\u0131n\u0131z\u0131 yaln\u0131z b\u0131rakmay\u0131n.<\/strong><\/li>\n\n\n\n<li style=\"font-size:clamp(14.642px, 0.915rem + ((1vw - 3.2px) * 0.766), 22px);\"><strong>Evdeki elektrik tesisat\u0131n\u0131n g\u00fcvenli oldu\u011fundan emin olun.<\/strong><\/li>\n<\/ul>\n","protected":false},"excerpt":{"rendered":"<p>\u00c7ocuklar\u0131n merakl\u0131 d\u00fcnyas\u0131 ve g\u00fcvenlik \u00f6nlemleri \u00c7ocuklar, d\u00fcnyay\u0131 ke\u015ffetmeye ve \u00e7evrelerindeki her \u015feyi \u00f6\u011frenmeye doyumsuz bir merak duyarlar. Bu meraklar\u0131, onlar\u0131n geli\u015fimleri i\u00e7in son derece \u00f6nemli olsa da, ayn\u0131 zamanda onlar\u0131 potansiyel tehlikelere kar\u015f\u0131 da savunmas\u0131z hale getirebilir. \u00d6zellikle ev ortam\u0131nda, \u00e7ocuklar\u0131n ula\u015fabilece\u011fi bir\u00e7ok tehlikeli e\u015fya ve alan bulunmaktad\u0131r. \u0130\u015fte bu noktada, \u00e7ocuk ve bebek [&hellip;]<\/p>\n","protected":false},"author":1,"featured_media":0,"parent":75,"menu_order":0,"comment_status":"closed","ping_status":"closed","template":"","meta":{"footnotes":""},"class_list":["post-104","page","type-page","status-publish","hentry"],"_links":{"self":[{"href":"https:\/\/cocukkilidi.net\/index.php?rest_route=\/wp\/v2\/pages\/104","targetHints":{"allow":["GET"]}}],"collection":[{"href":"https:\/\/cocukkilidi.net\/index.php?rest_route=\/wp\/v2\/pages"}],"about":[{"href":"https:\/\/cocukkilidi.net\/index.php?rest_route=\/wp\/v2\/types\/page"}],"author":[{"embeddable":true,"href":"https:\/\/cocukkilidi.net\/index.php?rest_route=\/wp\/v2\/users\/1"}],"replies":[{"embeddable":true,"href":"https:\/\/cocukkilidi.net\/index.php?rest_route=%2Fwp%2Fv2%2Fcomments&post=104"}],"version-history":[{"count":1,"href":"https:\/\/cocukkilidi.net\/index.php?rest_route=\/wp\/v2\/pages\/104\/revisions"}],"predecessor-version":[{"id":106,"href":"https:\/\/cocukkilidi.net\/index.php?rest_route=\/wp\/v2\/pages\/104\/revisions\/106"}],"up":[{"embeddable":true,"href":"https:\/\/cocukkilidi.net\/index.php?rest_route=\/wp\/v2\/pages\/75"}],"wp:attachment":[{"href":"https:\/\/cocukkilidi.net\/index.php?rest_route=%2Fwp%2Fv2%2Fmedia&parent=104"}],"curies":[{"name":"wp","href":"https:\/\/api.w.org\/{rel}","templated":true}]}}